{"id":10657,"date":"2026-02-10T10:41:08","date_gmt":"2026-02-10T10:41:08","guid":{"rendered":"https:\/\/engitech.az\/?post_type=product&#038;p=10657"},"modified":"2026-02-10T10:41:08","modified_gmt":"2026-02-10T10:41:08","slug":"cctv-al","status":"publish","type":"product","link":"https:\/\/engitech.az\/en\/product\/cctv-al\/","title":{"rendered":"CCTV Al"},"content":{"rendered":"<p>\u2022 <strong data-start=\"2\" data-end=\"10\">Type:<\/strong> CCTV video kabeli<br data-start=\"28\" data-end=\"31\" \/>\u2022 <strong data-start=\"33\" data-end=\"48\">Feature:<\/strong> Standard CCTV ba\u011flant\u0131 kabeli<br data-start=\"78\" data-end=\"81\" \/>\u2022 <strong data-start=\"83\" data-end=\"96\">Usage:<\/strong> Kamera siqnal\u0131 \u00f6t\u00fcr\u00fclm\u0259si \u00fc\u00e7\u00fcn<\/p>","protected":false},"excerpt":{"rendered":"<p>\u2022 Tip: CCTV video kabeli\u2022 X\u00fcsusiyy\u0259t: Standard CCTV ba\u011flant\u0131 kabeli\u2022  [&#8230;]<\/p>","protected":false},"featured_media":10658,"comment_status":"open","ping_status":"closed","template":"","meta":[],"product_brand":[],"product_cat":[334],"product_tag":[],"class_list":{"0":"post-10657","1":"product","2":"type-product","3":"status-publish","4":"has-post-thumbnail","6":"product_cat-erse-cablo","7":"pa_mehsul-tipi-coaxial-cables","9":"first","10":"instock","11":"sold-individually","12":"shipping-taxable","13":"purchasable","14":"product-type-simple"},"_links":{"self":[{"href":"https:\/\/engitech.az\/en\/wp-json\/wp\/v2\/product\/10657","targetHints":{"allow":["GET"]}}],"collection":[{"href":"https:\/\/engitech.az\/en\/wp-json\/wp\/v2\/product"}],"about":[{"href":"https:\/\/engitech.az\/en\/wp-json\/wp\/v2\/types\/product"}],"replies":[{"embeddable":true,"href":"https:\/\/engitech.az\/en\/wp-json\/wp\/v2\/comments?post=10657"}],"wp:featuredmedia":[{"embeddable":true,"href":"https:\/\/engitech.az\/en\/wp-json\/wp\/v2\/media\/10658"}],"wp:attachment":[{"href":"https:\/\/engitech.az\/en\/wp-json\/wp\/v2\/media?parent=10657"}],"wp:term":[{"taxonomy":"product_brand","embeddable":true,"href":"https:\/\/engitech.az\/en\/wp-json\/wp\/v2\/product_brand?post=10657"},{"taxonomy":"product_cat","embeddable":true,"href":"https:\/\/engitech.az\/en\/wp-json\/wp\/v2\/product_cat?post=10657"},{"taxonomy":"product_tag","embeddable":true,"href":"https:\/\/engitech.az\/en\/wp-json\/wp\/v2\/product_tag?post=10657"}],"curies":[{"name":"wp","href":"https:\/\/api.w.org\/{rel}","templated":true}]}}