{"id":10669,"date":"2026-02-10T12:34:25","date_gmt":"2026-02-10T12:34:25","guid":{"rendered":"https:\/\/engitech.az\/?post_type=product&#038;p=10669"},"modified":"2026-02-10T12:34:25","modified_gmt":"2026-02-10T12:34:25","slug":"liyy-tp","status":"publish","type":"product","link":"https:\/\/engitech.az\/en\/product\/liyy-tp\/","title":{"rendered":"LIYY-TP"},"content":{"rendered":"<p>\u2022 <strong data-start=\"2\" data-end=\"10\">Type:<\/strong> Siqnal\/idar\u0259etm\u0259 kabeli<br data-start=\"34\" data-end=\"37\" \/>\u2022 <strong data-start=\"39\" data-end=\"52\">Standard:<\/strong> <strong data-start=\"53\" data-end=\"64\">LIYY-TP<\/strong> \u2014 halogensiz, a\u015fa\u011f\u0131 t\u00fcst\u00fcl\u00fc siqnal kabeli<br data-start=\"106\" data-end=\"109\" \/>\u2022 <strong data-start=\"111\" data-end=\"126\">Feature:<\/strong> \u00c7evik, yax\u015f\u0131 siqnal \u00f6t\u00fcrm\u0259si<br data-start=\"155\" data-end=\"158\" \/>\u2022 <strong data-start=\"160\" data-end=\"173\">Usage:<\/strong> Avtomatika, \u00f6l\u00e7m\u0259 v\u0259 n\u0259zar\u0259t sisteml\u0259ri \u00fc\u00e7\u00fcn<\/p>","protected":false},"excerpt":{"rendered":"<p>\u2022 Tip: Siqnal\/idar\u0259etm\u0259 kabeli\u2022 Standart: LIYY-TP \u2014 halogensiz, a\u015fa\u011f\u0131 t\u00fcst\u00fcl\u00fc  [&#8230;]<\/p>","protected":false},"featured_media":10670,"comment_status":"open","ping_status":"closed","template":"","meta":[],"product_brand":[],"product_cat":[334],"product_tag":[],"class_list":{"0":"post-10669","1":"product","2":"type-product","3":"status-publish","4":"has-post-thumbnail","6":"product_cat-erse-cablo","7":"pa_mehsul-tipi-signal-control-cables","9":"first","10":"instock","11":"sold-individually","12":"shipping-taxable","13":"purchasable","14":"product-type-simple"},"_links":{"self":[{"href":"https:\/\/engitech.az\/en\/wp-json\/wp\/v2\/product\/10669","targetHints":{"allow":["GET"]}}],"collection":[{"href":"https:\/\/engitech.az\/en\/wp-json\/wp\/v2\/product"}],"about":[{"href":"https:\/\/engitech.az\/en\/wp-json\/wp\/v2\/types\/product"}],"replies":[{"embeddable":true,"href":"https:\/\/engitech.az\/en\/wp-json\/wp\/v2\/comments?post=10669"}],"wp:featuredmedia":[{"embeddable":true,"href":"https:\/\/engitech.az\/en\/wp-json\/wp\/v2\/media\/10670"}],"wp:attachment":[{"href":"https:\/\/engitech.az\/en\/wp-json\/wp\/v2\/media?parent=10669"}],"wp:term":[{"taxonomy":"product_brand","embeddable":true,"href":"https:\/\/engitech.az\/en\/wp-json\/wp\/v2\/product_brand?post=10669"},{"taxonomy":"product_cat","embeddable":true,"href":"https:\/\/engitech.az\/en\/wp-json\/wp\/v2\/product_cat?post=10669"},{"taxonomy":"product_tag","embeddable":true,"href":"https:\/\/engitech.az\/en\/wp-json\/wp\/v2\/product_tag?post=10669"}],"curies":[{"name":"wp","href":"https:\/\/api.w.org\/{rel}","templated":true}]}}