{"id":10701,"date":"2026-02-11T05:45:04","date_gmt":"2026-02-11T05:45:04","guid":{"rendered":"https:\/\/engitech.az\/?post_type=product&#038;p=10701"},"modified":"2026-02-11T05:45:04","modified_gmt":"2026-02-11T05:45:04","slug":"li2ystcy","status":"publish","type":"product","link":"https:\/\/engitech.az\/en\/product\/li2ystcy\/","title":{"rendered":"LI2Y(St)CY"},"content":{"rendered":"<p>\u2022 <strong data-start=\"2\" data-end=\"10\">Type:<\/strong> Ekranl\u0131 siqnal kabeli<br data-start=\"32\" data-end=\"35\" \/>\u2022 <strong data-start=\"37\" data-end=\"52\">Feature:<\/strong> PE izolyasiyal\u0131 (2Y), folqa (St) + mis tor (CY) ekranl\u0131<br data-start=\"108\" data-end=\"111\" \/>\u2022 <strong data-start=\"113\" data-end=\"126\">Usage:<\/strong> Telekommunikasiya v\u0259 m\u0259lumat \u00f6t\u00fcr\u00fclm\u0259si sisteml\u0259ri<\/p>","protected":false},"excerpt":{"rendered":"<p>\u2022 Tip: Ekranl\u0131 siqnal kabeli\u2022 X\u00fcsusiyy\u0259t: PE izolyasiyal\u0131 (2Y), folqa  [&#8230;]<\/p>","protected":false},"featured_media":10702,"comment_status":"open","ping_status":"closed","template":"","meta":[],"product_brand":[],"product_cat":[334],"product_tag":[],"class_list":{"0":"post-10701","1":"product","2":"type-product","3":"status-publish","4":"has-post-thumbnail","6":"product_cat-erse-cablo","7":"pa_mehsul-tipi-signal-control-cables","9":"first","10":"instock","11":"sold-individually","12":"shipping-taxable","13":"purchasable","14":"product-type-simple"},"_links":{"self":[{"href":"https:\/\/engitech.az\/en\/wp-json\/wp\/v2\/product\/10701","targetHints":{"allow":["GET"]}}],"collection":[{"href":"https:\/\/engitech.az\/en\/wp-json\/wp\/v2\/product"}],"about":[{"href":"https:\/\/engitech.az\/en\/wp-json\/wp\/v2\/types\/product"}],"replies":[{"embeddable":true,"href":"https:\/\/engitech.az\/en\/wp-json\/wp\/v2\/comments?post=10701"}],"wp:featuredmedia":[{"embeddable":true,"href":"https:\/\/engitech.az\/en\/wp-json\/wp\/v2\/media\/10702"}],"wp:attachment":[{"href":"https:\/\/engitech.az\/en\/wp-json\/wp\/v2\/media?parent=10701"}],"wp:term":[{"taxonomy":"product_brand","embeddable":true,"href":"https:\/\/engitech.az\/en\/wp-json\/wp\/v2\/product_brand?post=10701"},{"taxonomy":"product_cat","embeddable":true,"href":"https:\/\/engitech.az\/en\/wp-json\/wp\/v2\/product_cat?post=10701"},{"taxonomy":"product_tag","embeddable":true,"href":"https:\/\/engitech.az\/en\/wp-json\/wp\/v2\/product_tag?post=10701"}],"curies":[{"name":"wp","href":"https:\/\/api.w.org\/{rel}","templated":true}]}}