{"id":10740,"date":"2026-02-11T06:45:15","date_gmt":"2026-02-11T06:45:15","guid":{"rendered":"https:\/\/engitech.az\/?post_type=product&#038;p=10740"},"modified":"2026-02-11T06:45:16","modified_gmt":"2026-02-11T06:45:16","slug":"tv-65z80aey","status":"publish","type":"product","link":"https:\/\/engitech.az\/en\/product\/tv-65z80aey\/","title":{"rendered":"TV-65Z80AEY"},"content":{"rendered":"<p>\u2022 <strong data-start=\"2\" data-end=\"12\">Model:<\/strong> TV-65Z80AEY<br data-start=\"24\" data-end=\"27\" \/>\u2022 <strong data-start=\"29\" data-end=\"39\">Screen:<\/strong> 65\u2033 <strong data-start=\"44\" data-end=\"55\">4K OLED<\/strong><br data-start=\"55\" data-end=\"58\" \/>\u2022 <strong data-start=\"60\" data-end=\"68\">HDR:<\/strong> Geni\u015f dinamik \u0259hat\u0259 v\u0259 canl\u0131 r\u0259ngl\u0259r<br data-start=\"105\" data-end=\"108\" \/>\u2022 <strong data-start=\"110\" data-end=\"123\">Smart TV:<\/strong> \u0130nternet ba\u011flant\u0131s\u0131, Wi-Fi, Bluetooth<br data-start=\"161\" data-end=\"164\" \/>\u2022 <strong data-start=\"166\" data-end=\"174\">Sound:<\/strong> Keyfiyy\u0259tli audio<br data-start=\"192\" data-end=\"195\" \/>\u2022 <strong data-start=\"197\" data-end=\"212\">Feature:<\/strong> HDMI 2.1 d\u0259st\u0259yi<\/p>","protected":false},"excerpt":{"rendered":"<p>\u2022 Model: TV-65Z80AEY\u2022 Ekran: 65\u2033 4K OLED\u2022 HDR: Geni\u015f dinamik  [&#8230;]<\/p>","protected":false},"featured_media":10741,"comment_status":"open","ping_status":"closed","template":"","meta":[],"product_brand":[],"product_cat":[337],"product_tag":[],"class_list":{"0":"post-10740","1":"product","2":"type-product","3":"status-publish","4":"has-post-thumbnail","6":"product_cat-panasonic","7":"pa_mehsul-tipi-televisions","9":"first","10":"instock","11":"sold-individually","12":"shipping-taxable","13":"purchasable","14":"product-type-simple"},"_links":{"self":[{"href":"https:\/\/engitech.az\/en\/wp-json\/wp\/v2\/product\/10740","targetHints":{"allow":["GET"]}}],"collection":[{"href":"https:\/\/engitech.az\/en\/wp-json\/wp\/v2\/product"}],"about":[{"href":"https:\/\/engitech.az\/en\/wp-json\/wp\/v2\/types\/product"}],"replies":[{"embeddable":true,"href":"https:\/\/engitech.az\/en\/wp-json\/wp\/v2\/comments?post=10740"}],"wp:featuredmedia":[{"embeddable":true,"href":"https:\/\/engitech.az\/en\/wp-json\/wp\/v2\/media\/10741"}],"wp:attachment":[{"href":"https:\/\/engitech.az\/en\/wp-json\/wp\/v2\/media?parent=10740"}],"wp:term":[{"taxonomy":"product_brand","embeddable":true,"href":"https:\/\/engitech.az\/en\/wp-json\/wp\/v2\/product_brand?post=10740"},{"taxonomy":"product_cat","embeddable":true,"href":"https:\/\/engitech.az\/en\/wp-json\/wp\/v2\/product_cat?post=10740"},{"taxonomy":"product_tag","embeddable":true,"href":"https:\/\/engitech.az\/en\/wp-json\/wp\/v2\/product_tag?post=10740"}],"curies":[{"name":"wp","href":"https:\/\/api.w.org\/{rel}","templated":true}]}}