{"id":10745,"date":"2026-02-11T06:53:59","date_gmt":"2026-02-11T06:53:59","guid":{"rendered":"https:\/\/engitech.az\/?post_type=product&#038;p=10745"},"modified":"2026-02-11T06:53:59","modified_gmt":"2026-02-11T06:53:59","slug":"tx-65mz800b","status":"publish","type":"product","link":"https:\/\/engitech.az\/en\/product\/tx-65mz800b\/","title":{"rendered":"TX-65MZ800B"},"content":{"rendered":"<p>\u2022 <strong data-start=\"2\" data-end=\"12\">Model:<\/strong> TX-65MZ800B<br data-start=\"24\" data-end=\"27\" \/>\u2022 <strong data-start=\"29\" data-end=\"39\">Screen:<\/strong> 65\u2033 <strong data-start=\"44\" data-end=\"55\">4K OLED<\/strong><br data-start=\"55\" data-end=\"58\" \/>\u2022 <strong data-start=\"60\" data-end=\"68\">HDR:<\/strong> Y\u00fcks\u0259k dinamik aral\u0131q v\u0259 canl\u0131 r\u0259ngl\u0259r<br data-start=\"107\" data-end=\"110\" \/>\u2022 <strong data-start=\"112\" data-end=\"125\">Smart TV:<\/strong> Wi-Fi, Bluetooth v\u0259 a\u011f\u0131ll\u0131 sistem d\u0259st\u0259yi<br data-start=\"167\" data-end=\"170\" \/>\u2022 <strong data-start=\"172\" data-end=\"180\">Sound:<\/strong> Yax\u015f\u0131 keyfiyy\u0259tli audio<br data-start=\"204\" data-end=\"207\" \/>\u2022 <strong data-start=\"209\" data-end=\"224\">Feature:<\/strong> HDMI 2.1 uy\u011funlu\u011fu<\/p>","protected":false},"excerpt":{"rendered":"<p>\u2022 Model: TX-65MZ800B\u2022 Ekran: 65\u2033 4K OLED\u2022 HDR: Y\u00fcks\u0259k dinamik  [&#8230;]<\/p>","protected":false},"featured_media":10746,"comment_status":"open","ping_status":"closed","template":"","meta":[],"product_brand":[],"product_cat":[337],"product_tag":[],"class_list":{"0":"post-10745","1":"product","2":"type-product","3":"status-publish","4":"has-post-thumbnail","6":"product_cat-panasonic","7":"pa_mehsul-tipi-televisions","9":"first","10":"instock","11":"sold-individually","12":"shipping-taxable","13":"purchasable","14":"product-type-simple"},"_links":{"self":[{"href":"https:\/\/engitech.az\/en\/wp-json\/wp\/v2\/product\/10745","targetHints":{"allow":["GET"]}}],"collection":[{"href":"https:\/\/engitech.az\/en\/wp-json\/wp\/v2\/product"}],"about":[{"href":"https:\/\/engitech.az\/en\/wp-json\/wp\/v2\/types\/product"}],"replies":[{"embeddable":true,"href":"https:\/\/engitech.az\/en\/wp-json\/wp\/v2\/comments?post=10745"}],"wp:featuredmedia":[{"embeddable":true,"href":"https:\/\/engitech.az\/en\/wp-json\/wp\/v2\/media\/10746"}],"wp:attachment":[{"href":"https:\/\/engitech.az\/en\/wp-json\/wp\/v2\/media?parent=10745"}],"wp:term":[{"taxonomy":"product_brand","embeddable":true,"href":"https:\/\/engitech.az\/en\/wp-json\/wp\/v2\/product_brand?post=10745"},{"taxonomy":"product_cat","embeddable":true,"href":"https:\/\/engitech.az\/en\/wp-json\/wp\/v2\/product_cat?post=10745"},{"taxonomy":"product_tag","embeddable":true,"href":"https:\/\/engitech.az\/en\/wp-json\/wp\/v2\/product_tag?post=10745"}],"curies":[{"name":"wp","href":"https:\/\/api.w.org\/{rel}","templated":true}]}}