{"id":10750,"date":"2026-02-11T06:57:18","date_gmt":"2026-02-11T06:57:18","guid":{"rendered":"https:\/\/engitech.az\/?post_type=product&#038;p=10750"},"modified":"2026-02-11T06:57:18","modified_gmt":"2026-02-11T06:57:18","slug":"4k-mini-led-tv-tv-55w95beb","status":"publish","type":"product","link":"https:\/\/engitech.az\/en\/product\/4k-mini-led-tv-tv-55w95beb\/","title":{"rendered":"4K Mini LED TV TV-55W95BEB"},"content":{"rendered":"<p>\u2022 <strong data-start=\"2\" data-end=\"12\">Model:<\/strong> TV-55W95BEB<br data-start=\"24\" data-end=\"27\" \/>\u2022 <strong data-start=\"29\" data-end=\"39\">Screen:<\/strong> 55\u2033 <strong data-start=\"44\" data-end=\"59\">4K Mini LED<\/strong><br data-start=\"59\" data-end=\"62\" \/>\u2022 <strong data-start=\"64\" data-end=\"72\">HDR:<\/strong> Y\u00fcks\u0259k kontrast v\u0259 parlaql\u0131q<br data-start=\"101\" data-end=\"104\" \/>\u2022 <strong data-start=\"106\" data-end=\"119\">Smart TV:<\/strong> Wi-Fi, Bluetooth v\u0259 a\u011f\u0131ll\u0131 funksiyalar<br data-start=\"158\" data-end=\"161\" \/>\u2022 <strong data-start=\"163\" data-end=\"171\">Sound:<\/strong> Keyfiyy\u0259tli audio sistemi<br data-start=\"197\" data-end=\"200\" \/>\u2022 <strong data-start=\"202\" data-end=\"217\">Feature:<\/strong> HDMI 2.1 d\u0259st\u0259yi<\/p>","protected":false},"excerpt":{"rendered":"<p>\u2022 Model: TV-55W95BEB\u2022 Ekran: 55\u2033 4K Mini LED\u2022 HDR: Y\u00fcks\u0259k  [&#8230;]<\/p>","protected":false},"featured_media":10751,"comment_status":"open","ping_status":"closed","template":"","meta":[],"product_brand":[],"product_cat":[337],"product_tag":[],"class_list":{"0":"post-10750","1":"product","2":"type-product","3":"status-publish","4":"has-post-thumbnail","6":"product_cat-panasonic","7":"pa_mehsul-tipi-televisions","9":"first","10":"instock","11":"sold-individually","12":"shipping-taxable","13":"purchasable","14":"product-type-simple"},"_links":{"self":[{"href":"https:\/\/engitech.az\/en\/wp-json\/wp\/v2\/product\/10750","targetHints":{"allow":["GET"]}}],"collection":[{"href":"https:\/\/engitech.az\/en\/wp-json\/wp\/v2\/product"}],"about":[{"href":"https:\/\/engitech.az\/en\/wp-json\/wp\/v2\/types\/product"}],"replies":[{"embeddable":true,"href":"https:\/\/engitech.az\/en\/wp-json\/wp\/v2\/comments?post=10750"}],"wp:featuredmedia":[{"embeddable":true,"href":"https:\/\/engitech.az\/en\/wp-json\/wp\/v2\/media\/10751"}],"wp:attachment":[{"href":"https:\/\/engitech.az\/en\/wp-json\/wp\/v2\/media?parent=10750"}],"wp:term":[{"taxonomy":"product_brand","embeddable":true,"href":"https:\/\/engitech.az\/en\/wp-json\/wp\/v2\/product_brand?post=10750"},{"taxonomy":"product_cat","embeddable":true,"href":"https:\/\/engitech.az\/en\/wp-json\/wp\/v2\/product_cat?post=10750"},{"taxonomy":"product_tag","embeddable":true,"href":"https:\/\/engitech.az\/en\/wp-json\/wp\/v2\/product_tag?post=10750"}],"curies":[{"name":"wp","href":"https:\/\/api.w.org\/{rel}","templated":true}]}}