{"id":10754,"date":"2026-02-11T07:08:57","date_gmt":"2026-02-11T07:08:57","guid":{"rendered":"https:\/\/engitech.az\/?post_type=product&#038;p=10754"},"modified":"2026-02-11T07:08:58","modified_gmt":"2026-02-11T07:08:58","slug":"tv-55z95aeb","status":"publish","type":"product","link":"https:\/\/engitech.az\/en\/product\/tv-55z95aeb\/","title":{"rendered":"TV-55Z95AEB"},"content":{"rendered":"<p>\u2022 <strong data-start=\"2\" data-end=\"12\">Model:<\/strong> TV-55Z95AEB<br data-start=\"24\" data-end=\"27\" \/>\u2022 <strong data-start=\"29\" data-end=\"39\">Screen:<\/strong> 55\u2033 <strong data-start=\"44\" data-end=\"55\">4K OLED<\/strong><br data-start=\"55\" data-end=\"58\" \/>\u2022 <strong data-start=\"60\" data-end=\"68\">HDR:<\/strong> Y\u00fcks\u0259k dinamik aral\u0131q v\u0259 canl\u0131 r\u0259ng<br data-start=\"104\" data-end=\"107\" \/>\u2022 <strong data-start=\"109\" data-end=\"122\">Smart TV:<\/strong> A\u011f\u0131ll\u0131 platforma, Wi-Fi v\u0259 Bluetooth<br data-start=\"159\" data-end=\"162\" \/>\u2022 <strong data-start=\"164\" data-end=\"172\">Sound:<\/strong> Premium audio performans\u0131<br data-start=\"198\" data-end=\"201\" \/>\u2022 <strong data-start=\"203\" data-end=\"221\">Features:<\/strong> HDMI 2.1 d\u0259st\u0259yi<\/p>","protected":false},"excerpt":{"rendered":"<p>\u2022 Model: TV-55Z95AEB\u2022 Ekran: 55\u2033 4K OLED\u2022 HDR: Y\u00fcks\u0259k dinamik  [&#8230;]<\/p>","protected":false},"featured_media":10755,"comment_status":"open","ping_status":"closed","template":"","meta":[],"product_brand":[],"product_cat":[337],"product_tag":[],"class_list":{"0":"post-10754","1":"product","2":"type-product","3":"status-publish","4":"has-post-thumbnail","6":"product_cat-panasonic","7":"pa_mehsul-tipi-televisions","9":"first","10":"instock","11":"sold-individually","12":"shipping-taxable","13":"purchasable","14":"product-type-simple"},"_links":{"self":[{"href":"https:\/\/engitech.az\/en\/wp-json\/wp\/v2\/product\/10754","targetHints":{"allow":["GET"]}}],"collection":[{"href":"https:\/\/engitech.az\/en\/wp-json\/wp\/v2\/product"}],"about":[{"href":"https:\/\/engitech.az\/en\/wp-json\/wp\/v2\/types\/product"}],"replies":[{"embeddable":true,"href":"https:\/\/engitech.az\/en\/wp-json\/wp\/v2\/comments?post=10754"}],"wp:featuredmedia":[{"embeddable":true,"href":"https:\/\/engitech.az\/en\/wp-json\/wp\/v2\/media\/10755"}],"wp:attachment":[{"href":"https:\/\/engitech.az\/en\/wp-json\/wp\/v2\/media?parent=10754"}],"wp:term":[{"taxonomy":"product_brand","embeddable":true,"href":"https:\/\/engitech.az\/en\/wp-json\/wp\/v2\/product_brand?post=10754"},{"taxonomy":"product_cat","embeddable":true,"href":"https:\/\/engitech.az\/en\/wp-json\/wp\/v2\/product_cat?post=10754"},{"taxonomy":"product_tag","embeddable":true,"href":"https:\/\/engitech.az\/en\/wp-json\/wp\/v2\/product_tag?post=10754"}],"curies":[{"name":"wp","href":"https:\/\/api.w.org\/{rel}","templated":true}]}}