{"id":10761,"date":"2026-02-11T07:30:03","date_gmt":"2026-02-11T07:30:03","guid":{"rendered":"https:\/\/engitech.az\/?post_type=product&#038;p=10761"},"modified":"2026-02-11T07:42:15","modified_gmt":"2026-02-11T07:42:15","slug":"dc-s5m2xc","status":"publish","type":"product","link":"https:\/\/engitech.az\/en\/product\/dc-s5m2xc\/","title":{"rendered":"DC-S5M2XC"},"content":{"rendered":"<p>\u2022 <strong data-start=\"2\" data-end=\"12\">Model:<\/strong> <strong data-start=\"13\" data-end=\"36\">Panasonic DC-S5M2XC<\/strong><br data-start=\"36\" data-end=\"39\" \/>\u2022 <strong data-start=\"41\" data-end=\"49\">Type:<\/strong> Tam \u00e7\u0259r\u00e7iv\u0259 (full-frame) <strong data-start=\"75\" data-end=\"89\">mirrorless<\/strong> fotoaparat<br data-start=\"100\" data-end=\"103\" \/>\u2022 <strong data-start=\"105\" data-end=\"116\">Sensor:<\/strong> 24.2 MP CMOS (Full-Frame)<br data-start=\"142\" data-end=\"145\" \/>\u2022 <strong data-start=\"147\" data-end=\"157\">Video:<\/strong> 4K video qeydi<br data-start=\"172\" data-end=\"175\" \/>\u2022 <strong data-start=\"177\" data-end=\"195\">Stabilizasiya:<\/strong> 5-axis daxili g\u00f6r\u00fcnt\u00fc stabill\u0259\u015fdirici<br data-start=\"233\" data-end=\"236\" \/>\u2022 <strong data-start=\"238\" data-end=\"251\">Usage:<\/strong> Foto v\u0259 video \u00e7\u0259kili\u015f \u00fc\u00e7\u00fcn pe\u015f\u0259kar\/yar\u0131-pe\u015f\u0259kar kamerad\u0131r<\/p>","protected":false},"excerpt":{"rendered":"<p>\u2022 Model: Panasonic DC-S5M2XC\u2022 Tip: Tam \u00e7\u0259r\u00e7iv\u0259 (full-frame) mirrorless fotoaparat\u2022  [&#8230;]<\/p>","protected":false},"featured_media":10763,"comment_status":"open","ping_status":"closed","template":"","meta":[],"product_brand":[],"product_cat":[337],"product_tag":[],"class_list":{"0":"post-10761","1":"product","2":"type-product","3":"status-publish","4":"has-post-thumbnail","6":"product_cat-panasonic","7":"pa_mehsul-tipi-cameras-camcorders","9":"first","10":"instock","11":"sold-individually","12":"shipping-taxable","13":"purchasable","14":"product-type-simple"},"_links":{"self":[{"href":"https:\/\/engitech.az\/en\/wp-json\/wp\/v2\/product\/10761","targetHints":{"allow":["GET"]}}],"collection":[{"href":"https:\/\/engitech.az\/en\/wp-json\/wp\/v2\/product"}],"about":[{"href":"https:\/\/engitech.az\/en\/wp-json\/wp\/v2\/types\/product"}],"replies":[{"embeddable":true,"href":"https:\/\/engitech.az\/en\/wp-json\/wp\/v2\/comments?post=10761"}],"wp:featuredmedia":[{"embeddable":true,"href":"https:\/\/engitech.az\/en\/wp-json\/wp\/v2\/media\/10763"}],"wp:attachment":[{"href":"https:\/\/engitech.az\/en\/wp-json\/wp\/v2\/media?parent=10761"}],"wp:term":[{"taxonomy":"product_brand","embeddable":true,"href":"https:\/\/engitech.az\/en\/wp-json\/wp\/v2\/product_brand?post=10761"},{"taxonomy":"product_cat","embeddable":true,"href":"https:\/\/engitech.az\/en\/wp-json\/wp\/v2\/product_cat?post=10761"},{"taxonomy":"product_tag","embeddable":true,"href":"https:\/\/engitech.az\/en\/wp-json\/wp\/v2\/product_tag?post=10761"}],"curies":[{"name":"wp","href":"https:\/\/api.w.org\/{rel}","templated":true}]}}