{"id":10764,"date":"2026-02-11T07:37:03","date_gmt":"2026-02-11T07:37:03","guid":{"rendered":"https:\/\/engitech.az\/?post_type=product&#038;p=10764"},"modified":"2026-02-11T07:37:04","modified_gmt":"2026-02-11T07:37:04","slug":"dc-s1m2es","status":"publish","type":"product","link":"https:\/\/engitech.az\/en\/product\/dc-s1m2es\/","title":{"rendered":"DC-S1M2ES"},"content":{"rendered":"<p>\u2022 <strong data-start=\"2\" data-end=\"12\">Model:<\/strong> Panasonic <strong data-start=\"23\" data-end=\"36\">DC-S1M2ES<\/strong><br data-start=\"36\" data-end=\"39\" \/>\u2022 <strong data-start=\"41\" data-end=\"49\">Type:<\/strong> Tam \u00e7\u0259r\u00e7iv\u0259 (full-frame) <strong data-start=\"75\" data-end=\"89\">mirrorless<\/strong> fotoaparat<br data-start=\"100\" data-end=\"103\" \/>\u2022 <strong data-start=\"105\" data-end=\"116\">Sensor:<\/strong> Y\u00fcks\u0259k keyfiyy\u0259tli full-frame sensor<br data-start=\"153\" data-end=\"156\" \/>\u2022 <strong data-start=\"158\" data-end=\"168\">Video:<\/strong> 4K video \u00e7\u0259kili\u015fi<br data-start=\"186\" data-end=\"189\" \/>\u2022 <strong data-start=\"191\" data-end=\"209\">Stabilizasiya:<\/strong> Daxili 5-axis g\u00f6r\u00fcnt\u00fc stabill\u0259\u015fdirici<br data-start=\"247\" data-end=\"250\" \/>\u2022 <strong data-start=\"252\" data-end=\"265\">Usage:<\/strong> Pe\u015f\u0259kar v\u0259 yar\u0131-pe\u015f\u0259kar foto\/video \u00e7\u0259kili\u015f \u00fc\u00e7\u00fcn ideal<\/p>","protected":false},"excerpt":{"rendered":"<p>\u2022 Model: Panasonic DC-S1M2ES\u2022 Tip: Tam \u00e7\u0259r\u00e7iv\u0259 (full-frame) mirrorless fotoaparat\u2022  [&#8230;]<\/p>","protected":false},"featured_media":10765,"comment_status":"open","ping_status":"closed","template":"","meta":[],"product_brand":[],"product_cat":[337],"product_tag":[],"class_list":{"0":"post-10764","1":"product","2":"type-product","3":"status-publish","4":"has-post-thumbnail","6":"product_cat-panasonic","7":"pa_mehsul-tipi-cameras-camcorders","9":"first","10":"instock","11":"sold-individually","12":"shipping-taxable","13":"purchasable","14":"product-type-simple"},"_links":{"self":[{"href":"https:\/\/engitech.az\/en\/wp-json\/wp\/v2\/product\/10764","targetHints":{"allow":["GET"]}}],"collection":[{"href":"https:\/\/engitech.az\/en\/wp-json\/wp\/v2\/product"}],"about":[{"href":"https:\/\/engitech.az\/en\/wp-json\/wp\/v2\/types\/product"}],"replies":[{"embeddable":true,"href":"https:\/\/engitech.az\/en\/wp-json\/wp\/v2\/comments?post=10764"}],"wp:featuredmedia":[{"embeddable":true,"href":"https:\/\/engitech.az\/en\/wp-json\/wp\/v2\/media\/10765"}],"wp:attachment":[{"href":"https:\/\/engitech.az\/en\/wp-json\/wp\/v2\/media?parent=10764"}],"wp:term":[{"taxonomy":"product_brand","embeddable":true,"href":"https:\/\/engitech.az\/en\/wp-json\/wp\/v2\/product_brand?post=10764"},{"taxonomy":"product_cat","embeddable":true,"href":"https:\/\/engitech.az\/en\/wp-json\/wp\/v2\/product_cat?post=10764"},{"taxonomy":"product_tag","embeddable":true,"href":"https:\/\/engitech.az\/en\/wp-json\/wp\/v2\/product_tag?post=10764"}],"curies":[{"name":"wp","href":"https:\/\/api.w.org\/{rel}","templated":true}]}}