{"id":10770,"date":"2026-02-11T07:50:33","date_gmt":"2026-02-11T07:50:33","guid":{"rendered":"https:\/\/engitech.az\/?post_type=product&#038;p=10770"},"modified":"2026-02-11T07:50:34","modified_gmt":"2026-02-11T07:50:34","slug":"dc-s1h","status":"publish","type":"product","link":"https:\/\/engitech.az\/en\/product\/dc-s1h\/","title":{"rendered":"DC-S1H"},"content":{"rendered":"<p>\u2022 <strong data-start=\"2\" data-end=\"12\">Model:<\/strong> <strong data-start=\"13\" data-end=\"33\">Panasonic DC-S1H<\/strong><br data-start=\"33\" data-end=\"36\" data-is-only-node=\"\" \/>\u2022 <strong data-start=\"38\" data-end=\"46\">Type:<\/strong> Full-Frame <strong data-start=\"58\" data-end=\"72\">mirrorless<\/strong> kamera<br data-start=\"79\" data-end=\"82\" \/>\u2022 <strong data-start=\"84\" data-end=\"94\">Video:<\/strong> 6K \/ 4K pe\u015f\u0259kar video d\u0259st\u0259yi<br data-start=\"124\" data-end=\"127\" \/>\u2022 <strong data-start=\"129\" data-end=\"147\">Stabilizasiya:<\/strong> 5-oxlu daxili g\u00f6r\u00fcnt\u00fc stabill\u0259\u015fdirici<br data-start=\"185\" data-end=\"188\" \/>\u2022 <strong data-start=\"190\" data-end=\"201\">Sensor:<\/strong> Y\u00fcks\u0259k keyfiyy\u0259tli full-frame CMOS<br data-start=\"236\" data-end=\"239\" \/>\u2022 <strong data-start=\"241\" data-end=\"254\">Usage:<\/strong> Kino s\u0259viyy\u0259li video v\u0259 y\u00fcks\u0259k keyfiyy\u0259tli foto \u00e7\u0259kili\u015fl\u0259r \u00fc\u00e7\u00fcn<\/p>","protected":false},"excerpt":{"rendered":"<p>\u2022 Model: Panasonic DC-S1H\u2022 Tip: Full-Frame mirrorless kamera\u2022 Video: 6K  [&#8230;]<\/p>","protected":false},"featured_media":10774,"comment_status":"open","ping_status":"closed","template":"","meta":[],"product_brand":[],"product_cat":[337],"product_tag":[],"class_list":{"0":"post-10770","1":"product","2":"type-product","3":"status-publish","4":"has-post-thumbnail","6":"product_cat-panasonic","7":"pa_mehsul-tipi-cameras-camcorders","9":"first","10":"instock","11":"sold-individually","12":"shipping-taxable","13":"purchasable","14":"product-type-simple"},"_links":{"self":[{"href":"https:\/\/engitech.az\/en\/wp-json\/wp\/v2\/product\/10770","targetHints":{"allow":["GET"]}}],"collection":[{"href":"https:\/\/engitech.az\/en\/wp-json\/wp\/v2\/product"}],"about":[{"href":"https:\/\/engitech.az\/en\/wp-json\/wp\/v2\/types\/product"}],"replies":[{"embeddable":true,"href":"https:\/\/engitech.az\/en\/wp-json\/wp\/v2\/comments?post=10770"}],"wp:featuredmedia":[{"embeddable":true,"href":"https:\/\/engitech.az\/en\/wp-json\/wp\/v2\/media\/10774"}],"wp:attachment":[{"href":"https:\/\/engitech.az\/en\/wp-json\/wp\/v2\/media?parent=10770"}],"wp:term":[{"taxonomy":"product_brand","embeddable":true,"href":"https:\/\/engitech.az\/en\/wp-json\/wp\/v2\/product_brand?post=10770"},{"taxonomy":"product_cat","embeddable":true,"href":"https:\/\/engitech.az\/en\/wp-json\/wp\/v2\/product_cat?post=10770"},{"taxonomy":"product_tag","embeddable":true,"href":"https:\/\/engitech.az\/en\/wp-json\/wp\/v2\/product_tag?post=10770"}],"curies":[{"name":"wp","href":"https:\/\/api.w.org\/{rel}","templated":true}]}}