{"id":10786,"date":"2026-02-11T08:10:59","date_gmt":"2026-02-11T08:10:59","guid":{"rendered":"https:\/\/engitech.az\/?post_type=product&#038;p=10786"},"modified":"2026-02-11T08:10:59","modified_gmt":"2026-02-11T08:10:59","slug":"dc-g100dv","status":"publish","type":"product","link":"https:\/\/engitech.az\/en\/product\/dc-g100dv\/","title":{"rendered":"DC-G100DV"},"content":{"rendered":"<p>\u2022 <strong data-start=\"2\" data-end=\"12\">Model:<\/strong> DC-G100DV<br data-start=\"22\" data-end=\"25\" \/>\u2022 <strong data-start=\"27\" data-end=\"35\">Type:<\/strong> Mirrorless kamera (Micro Four Thirds)<br data-start=\"73\" data-end=\"76\" \/>\u2022 <strong data-start=\"78\" data-end=\"89\">Sensor:<\/strong> 20.3 MP<br data-start=\"97\" data-end=\"100\" \/>\u2022 <strong data-start=\"102\" data-end=\"112\">Video:<\/strong> 4K qeyd<br data-start=\"120\" data-end=\"123\" \/>\u2022 <strong data-start=\"125\" data-end=\"140\">Feature:<\/strong> Y\u00fcng\u00fcl v\u0259 vlog \u00fc\u00e7\u00fcn uy\u011fun<br data-start=\"166\" data-end=\"169\" \/>\u2022 <strong data-start=\"171\" data-end=\"184\">Usage:<\/strong> Vlog v\u0259 g\u00fcnd\u0259lik video \u00e7\u0259kili\u015fl\u0259r<\/p>","protected":false},"excerpt":{"rendered":"<p>\u2022 Model: DC-G100DV\u2022 Tip: Mirrorless kamera (Micro Four Thirds)\u2022 Sensor:  [&#8230;]<\/p>","protected":false},"featured_media":10787,"comment_status":"open","ping_status":"closed","template":"","meta":[],"product_brand":[],"product_cat":[337],"product_tag":[],"class_list":{"0":"post-10786","1":"product","2":"type-product","3":"status-publish","4":"has-post-thumbnail","6":"product_cat-panasonic","7":"pa_mehsul-tipi-cameras-camcorders","9":"first","10":"instock","11":"sold-individually","12":"shipping-taxable","13":"purchasable","14":"product-type-simple"},"_links":{"self":[{"href":"https:\/\/engitech.az\/en\/wp-json\/wp\/v2\/product\/10786","targetHints":{"allow":["GET"]}}],"collection":[{"href":"https:\/\/engitech.az\/en\/wp-json\/wp\/v2\/product"}],"about":[{"href":"https:\/\/engitech.az\/en\/wp-json\/wp\/v2\/types\/product"}],"replies":[{"embeddable":true,"href":"https:\/\/engitech.az\/en\/wp-json\/wp\/v2\/comments?post=10786"}],"wp:featuredmedia":[{"embeddable":true,"href":"https:\/\/engitech.az\/en\/wp-json\/wp\/v2\/media\/10787"}],"wp:attachment":[{"href":"https:\/\/engitech.az\/en\/wp-json\/wp\/v2\/media?parent=10786"}],"wp:term":[{"taxonomy":"product_brand","embeddable":true,"href":"https:\/\/engitech.az\/en\/wp-json\/wp\/v2\/product_brand?post=10786"},{"taxonomy":"product_cat","embeddable":true,"href":"https:\/\/engitech.az\/en\/wp-json\/wp\/v2\/product_cat?post=10786"},{"taxonomy":"product_tag","embeddable":true,"href":"https:\/\/engitech.az\/en\/wp-json\/wp\/v2\/product_tag?post=10786"}],"curies":[{"name":"wp","href":"https:\/\/api.w.org\/{rel}","templated":true}]}}