{"id":10789,"date":"2026-02-11T11:04:09","date_gmt":"2026-02-11T11:04:09","guid":{"rendered":"https:\/\/engitech.az\/?post_type=product&#038;p=10789"},"modified":"2026-02-11T11:04:09","modified_gmt":"2026-02-11T11:04:09","slug":"dc-gh5m2","status":"publish","type":"product","link":"https:\/\/engitech.az\/en\/product\/dc-gh5m2\/","title":{"rendered":"DC-GH5M2"},"content":{"rendered":"<p>\u2022 <strong data-start=\"2\" data-end=\"12\">Model:<\/strong> <strong data-start=\"13\" data-end=\"34\">Panasonic DC-GH5M<\/strong><br data-start=\"34\" data-end=\"37\" \/>\u2022 <strong data-start=\"39\" data-end=\"47\">Type:<\/strong> Mirrorless kamera (Micro Four Thirds)<br data-start=\"85\" data-end=\"88\" \/>\u2022 <strong data-start=\"90\" data-end=\"100\">Video:<\/strong> 4K video qeyd<br data-start=\"114\" data-end=\"117\" \/>\u2022 <strong data-start=\"119\" data-end=\"137\">Stabilizasiya:<\/strong> 5-oxlu daxili g\u00f6r\u00fcnt\u00fc stabill\u0259\u015fdirici<br data-start=\"175\" data-end=\"178\" \/>\u2022 <strong data-start=\"180\" data-end=\"195\">Feature:<\/strong> G\u00fccl\u00fc video fokus v\u0259 pe\u015f\u0259kar \u0259m\u0259liyyatlar<br data-start=\"237\" data-end=\"240\" \/>\u2022 <strong data-start=\"242\" data-end=\"255\">Usage:<\/strong> Foto v\u0259 video \u00e7\u0259kili\u015f \u00fc\u00e7\u00fcn<\/p>","protected":false},"excerpt":{"rendered":"<p>\u2022 Model: Panasonic DC-GH5M\u2022 Tip: Mirrorless kamera (Micro Four Thirds)\u2022  [&#8230;]<\/p>","protected":false},"featured_media":10790,"comment_status":"open","ping_status":"closed","template":"","meta":[],"product_brand":[],"product_cat":[337],"product_tag":[],"class_list":{"0":"post-10789","1":"product","2":"type-product","3":"status-publish","4":"has-post-thumbnail","6":"product_cat-panasonic","7":"pa_mehsul-tipi-cameras-camcorders","9":"first","10":"instock","11":"sold-individually","12":"shipping-taxable","13":"purchasable","14":"product-type-simple"},"_links":{"self":[{"href":"https:\/\/engitech.az\/en\/wp-json\/wp\/v2\/product\/10789","targetHints":{"allow":["GET"]}}],"collection":[{"href":"https:\/\/engitech.az\/en\/wp-json\/wp\/v2\/product"}],"about":[{"href":"https:\/\/engitech.az\/en\/wp-json\/wp\/v2\/types\/product"}],"replies":[{"embeddable":true,"href":"https:\/\/engitech.az\/en\/wp-json\/wp\/v2\/comments?post=10789"}],"wp:featuredmedia":[{"embeddable":true,"href":"https:\/\/engitech.az\/en\/wp-json\/wp\/v2\/media\/10790"}],"wp:attachment":[{"href":"https:\/\/engitech.az\/en\/wp-json\/wp\/v2\/media?parent=10789"}],"wp:term":[{"taxonomy":"product_brand","embeddable":true,"href":"https:\/\/engitech.az\/en\/wp-json\/wp\/v2\/product_brand?post=10789"},{"taxonomy":"product_cat","embeddable":true,"href":"https:\/\/engitech.az\/en\/wp-json\/wp\/v2\/product_cat?post=10789"},{"taxonomy":"product_tag","embeddable":true,"href":"https:\/\/engitech.az\/en\/wp-json\/wp\/v2\/product_tag?post=10789"}],"curies":[{"name":"wp","href":"https:\/\/api.w.org\/{rel}","templated":true}]}}