{"id":10791,"date":"2026-02-11T12:01:29","date_gmt":"2026-02-11T12:01:29","guid":{"rendered":"https:\/\/engitech.az\/?post_type=product&#038;p=10791"},"modified":"2026-02-11T12:01:30","modified_gmt":"2026-02-11T12:01:30","slug":"dc-gx9w","status":"publish","type":"product","link":"https:\/\/engitech.az\/en\/product\/dc-gx9w\/","title":{"rendered":"DC-GX9W"},"content":{"rendered":"<p>\u2022 <strong data-start=\"2\" data-end=\"12\">Model:<\/strong> Panasonic <strong data-start=\"23\" data-end=\"34\">DC-GX9W<\/strong><br data-start=\"34\" data-end=\"37\" \/>\u2022 <strong data-start=\"39\" data-end=\"47\">Type:<\/strong> Mirrorless kamera (Micro Four Thirds)<br data-start=\"85\" data-end=\"88\" \/>\u2022 <strong data-start=\"90\" data-end=\"101\">Sensor:<\/strong> 20.3 MP Live MOS<br data-start=\"118\" data-end=\"121\" \/>\u2022 <strong data-start=\"123\" data-end=\"133\">Video:<\/strong> 4K UHD<br data-start=\"140\" data-end=\"143\" \/>\u2022 <strong data-start=\"145\" data-end=\"163\">Stabilizasiya:<\/strong> Daxili 5-oxlu g\u00f6r\u00fcnt\u00fc stabill\u0259\u015fdirici<br data-start=\"201\" data-end=\"204\" \/>\u2022 <strong data-start=\"206\" data-end=\"221\">Feature:<\/strong> D\u00f6ner ekran, Wi-Fi\/Bluetooth<br data-start=\"250\" data-end=\"253\" \/>\u2022 <strong data-start=\"255\" data-end=\"268\">Usage:<\/strong> G\u00fcnd\u0259lik foto v\u0259 video \u00e7\u0259kili\u015f \u00fc\u00e7\u00fcn ideal<\/p>","protected":false},"excerpt":{"rendered":"<p>\u2022 Model: Panasonic DC-GX9W\u2022 Tip: Mirrorless kamera (Micro Four Thirds)\u2022  [&#8230;]<\/p>","protected":false},"featured_media":10792,"comment_status":"open","ping_status":"closed","template":"","meta":[],"product_brand":[],"product_cat":[337],"product_tag":[],"class_list":{"0":"post-10791","1":"product","2":"type-product","3":"status-publish","4":"has-post-thumbnail","6":"product_cat-panasonic","7":"pa_mehsul-tipi-cameras-camcorders","9":"first","10":"instock","11":"sold-individually","12":"shipping-taxable","13":"purchasable","14":"product-type-simple"},"_links":{"self":[{"href":"https:\/\/engitech.az\/en\/wp-json\/wp\/v2\/product\/10791","targetHints":{"allow":["GET"]}}],"collection":[{"href":"https:\/\/engitech.az\/en\/wp-json\/wp\/v2\/product"}],"about":[{"href":"https:\/\/engitech.az\/en\/wp-json\/wp\/v2\/types\/product"}],"replies":[{"embeddable":true,"href":"https:\/\/engitech.az\/en\/wp-json\/wp\/v2\/comments?post=10791"}],"wp:featuredmedia":[{"embeddable":true,"href":"https:\/\/engitech.az\/en\/wp-json\/wp\/v2\/media\/10792"}],"wp:attachment":[{"href":"https:\/\/engitech.az\/en\/wp-json\/wp\/v2\/media?parent=10791"}],"wp:term":[{"taxonomy":"product_brand","embeddable":true,"href":"https:\/\/engitech.az\/en\/wp-json\/wp\/v2\/product_brand?post=10791"},{"taxonomy":"product_cat","embeddable":true,"href":"https:\/\/engitech.az\/en\/wp-json\/wp\/v2\/product_cat?post=10791"},{"taxonomy":"product_tag","embeddable":true,"href":"https:\/\/engitech.az\/en\/wp-json\/wp\/v2\/product_tag?post=10791"}],"curies":[{"name":"wp","href":"https:\/\/api.w.org\/{rel}","templated":true}]}}