{"id":10799,"date":"2026-02-11T13:15:37","date_gmt":"2026-02-11T13:15:37","guid":{"rendered":"https:\/\/engitech.az\/?post_type=product&#038;p=10799"},"modified":"2026-02-11T13:15:37","modified_gmt":"2026-02-11T13:15:37","slug":"h-f007014e","status":"publish","type":"product","link":"https:\/\/engitech.az\/en\/product\/h-f007014e\/","title":{"rendered":"H-F007014E"},"content":{"rendered":"<p>\u2022 <strong data-start=\"2\" data-end=\"12\">Model:<\/strong> <strong data-start=\"13\" data-end=\"27\">H-F007014E<\/strong><br data-start=\"27\" data-end=\"30\" \/>\u2022 <strong data-start=\"32\" data-end=\"40\">Type:<\/strong> Standart zum obyektivi<br data-start=\"63\" data-end=\"66\" \/>\u2022 <strong data-start=\"68\" data-end=\"87\">Fokus m\u0259saf\u0259si:<\/strong> <strong data-start=\"88\" data-end=\"99\">7\u201314 mm<\/strong><br data-start=\"99\" data-end=\"102\" \/>\u2022 <strong data-start=\"104\" data-end=\"117\">Usage:<\/strong> Geni\u015f bucaq, land\u015faft v\u0259 arxitektur \u00e7\u0259kili\u015fl\u0259r \u00fc\u00e7\u00fcn<\/p>","protected":false},"excerpt":{"rendered":"<p>\u2022 Model: H-F007014E\u2022 Tip: Standart zum obyektivi\u2022 Fokus m\u0259saf\u0259si: 7\u201314  [&#8230;]<\/p>","protected":false},"featured_media":10801,"comment_status":"open","ping_status":"closed","template":"","meta":[],"product_brand":[],"product_cat":[337],"product_tag":[],"class_list":{"0":"post-10799","1":"product","2":"type-product","3":"status-publish","4":"has-post-thumbnail","6":"product_cat-panasonic","7":"pa_mehsul-tipi-cameras-camcorders","9":"first","10":"instock","11":"sold-individually","12":"shipping-taxable","13":"purchasable","14":"product-type-simple"},"_links":{"self":[{"href":"https:\/\/engitech.az\/en\/wp-json\/wp\/v2\/product\/10799","targetHints":{"allow":["GET"]}}],"collection":[{"href":"https:\/\/engitech.az\/en\/wp-json\/wp\/v2\/product"}],"about":[{"href":"https:\/\/engitech.az\/en\/wp-json\/wp\/v2\/types\/product"}],"replies":[{"embeddable":true,"href":"https:\/\/engitech.az\/en\/wp-json\/wp\/v2\/comments?post=10799"}],"wp:featuredmedia":[{"embeddable":true,"href":"https:\/\/engitech.az\/en\/wp-json\/wp\/v2\/media\/10801"}],"wp:attachment":[{"href":"https:\/\/engitech.az\/en\/wp-json\/wp\/v2\/media?parent=10799"}],"wp:term":[{"taxonomy":"product_brand","embeddable":true,"href":"https:\/\/engitech.az\/en\/wp-json\/wp\/v2\/product_brand?post=10799"},{"taxonomy":"product_cat","embeddable":true,"href":"https:\/\/engitech.az\/en\/wp-json\/wp\/v2\/product_cat?post=10799"},{"taxonomy":"product_tag","embeddable":true,"href":"https:\/\/engitech.az\/en\/wp-json\/wp\/v2\/product_tag?post=10799"}],"curies":[{"name":"wp","href":"https:\/\/api.w.org\/{rel}","templated":true}]}}