{"id":10814,"date":"2026-02-12T05:44:28","date_gmt":"2026-02-12T05:44:28","guid":{"rendered":"https:\/\/engitech.az\/?post_type=product&#038;p=10814"},"modified":"2026-02-12T05:44:28","modified_gmt":"2026-02-12T05:44:28","slug":"fdo221","status":"publish","type":"product","link":"https:\/\/engitech.az\/en\/product\/fdo221\/","title":{"rendered":"FDO221"},"content":{"rendered":"<div class=\"flex flex-col text-sm pb-25\">\n<article class=\"text-token-text-primary w-full focus:outline-none [--shadow-height:45px] has-data-writing-block:pointer-events-none has-data-writing-block:-mt-(--shadow-height) has-data-writing-block:pt-(--shadow-height) [&amp;:has([data-writing-block])&gt;*]:pointer-events-auto scroll-mt-[calc(var(--header-height)+min(200px,max(70px,20svh)))]\" dir=\"auto\" tabindex=\"-1\" data-turn-id=\"request-6989c47a-3098-8386-a662-f726d4cdab4a-36\" data-testid=\"conversation-turn-226\" data-scroll-anchor=\"true\" data-turn=\"assistant\">\n<div class=\"text-base my-auto mx-auto pb-10 [--thread-content-margin:--spacing(4)] @w-sm\/main:[--thread-content-margin:--spacing(6)] @w-lg\/main:[--thread-content-margin:--spacing(16)] px-(--thread-content-margin)\">\n<div class=\"[--thread-content-max-width:40rem] @w-lg\/main:[--thread-content-max-width:48rem] mx-auto max-w-(--thread-content-max-width) flex-1 group\/turn-messages focus-visible:outline-hidden relative flex w-full min-w-0 flex-col agent-turn\" tabindex=\"-1\">\n<div class=\"flex max-w-full flex-col grow\">\n<div class=\"min-h-8 text-message relative flex w-full flex-col items-end gap-2 text-start break-words whitespace-normal [.text-message+&amp;]:mt-1\" dir=\"auto\" data-message-author-role=\"assistant\" data-message-id=\"dc1e7d8f-e745-4775-96ec-10e3e3f5cf46\" data-message-model-slug=\"gpt-5-2\">\n<div class=\"flex w-full flex-col gap-1 empty:hidden first:pt-[1px]\">\n<div class=\"markdown prose dark:prose-invert w-full wrap-break-word dark markdown-new-styling\">\n<p data-start=\"0\" data-end=\"210\">\u2022 <strong data-start=\"2\" data-end=\"12\">Model:<\/strong> Siemens <strong data-start=\"21\" data-end=\"31\">FDO221<\/strong><br data-start=\"31\" data-end=\"34\" \/>\u2022 <strong data-start=\"36\" data-end=\"44\">Type:<\/strong> Adresli yan\u011f\u0131n a\u015fkarlama detektoru<br data-start=\"79\" data-end=\"82\" \/>\u2022 <strong data-start=\"84\" data-end=\"97\">Function:<\/strong> \u0130stilik\/yan\u011f\u0131n a\u015fkarlanmas\u0131 v\u0259 siqnal g\u00f6nd\u0259rm\u0259si<br data-start=\"146\" data-end=\"149\" \/>\u2022 <strong data-start=\"151\" data-end=\"164\">Usage:<\/strong> Adresli yan\u011f\u0131n sisteml\u0259rind\u0259 a\u015fkarlama \u00fc\u00e7\u00fcn<\/p>\n<\/div>\n<\/div>\n<\/div>\n<\/div>\n<div class=\"z-0 flex min-h-[46px] justify-start\"><\/div>\n<div class=\"mt-3 w-full empty:hidden\">\n<div class=\"text-center\"><\/div>\n<\/div>\n<\/div>\n<\/div>\n<\/article>\n<\/div>\n<div class=\"pointer-events-none h-px w-px absolute bottom-0\" aria-hidden=\"true\" data-edge=\"true\"><\/div>","protected":false},"excerpt":{"rendered":"<p>\u2022 Model: Siemens FDO221\u2022 Tip: Adresli yan\u011f\u0131n a\u015fkarlama detektoru\u2022 Funksiya:  [&#8230;]<\/p>","protected":false},"featured_media":10816,"comment_status":"open","ping_status":"closed","template":"","meta":[],"product_brand":[],"product_cat":[335],"product_tag":[],"class_list":{"0":"post-10814","1":"product","2":"type-product","3":"status-publish","4":"has-post-thumbnail","6":"product_cat-siemens","7":"pa_mehsul-tipi-automatic-detectors","9":"first","10":"instock","11":"sold-individually","12":"shipping-taxable","13":"purchasable","14":"product-type-simple"},"_links":{"self":[{"href":"https:\/\/engitech.az\/en\/wp-json\/wp\/v2\/product\/10814","targetHints":{"allow":["GET"]}}],"collection":[{"href":"https:\/\/engitech.az\/en\/wp-json\/wp\/v2\/product"}],"about":[{"href":"https:\/\/engitech.az\/en\/wp-json\/wp\/v2\/types\/product"}],"replies":[{"embeddable":true,"href":"https:\/\/engitech.az\/en\/wp-json\/wp\/v2\/comments?post=10814"}],"wp:featuredmedia":[{"embeddable":true,"href":"https:\/\/engitech.az\/en\/wp-json\/wp\/v2\/media\/10816"}],"wp:attachment":[{"href":"https:\/\/engitech.az\/en\/wp-json\/wp\/v2\/media?parent=10814"}],"wp:term":[{"taxonomy":"product_brand","embeddable":true,"href":"https:\/\/engitech.az\/en\/wp-json\/wp\/v2\/product_brand?post=10814"},{"taxonomy":"product_cat","embeddable":true,"href":"https:\/\/engitech.az\/en\/wp-json\/wp\/v2\/product_cat?post=10814"},{"taxonomy":"product_tag","embeddable":true,"href":"https:\/\/engitech.az\/en\/wp-json\/wp\/v2\/product_tag?post=10814"}],"curies":[{"name":"wp","href":"https:\/\/api.w.org\/{rel}","templated":true}]}}