{"id":10821,"date":"2026-02-12T05:55:53","date_gmt":"2026-02-12T05:55:53","guid":{"rendered":"https:\/\/engitech.az\/?post_type=product&#038;p=10821"},"modified":"2026-02-12T05:55:53","modified_gmt":"2026-02-12T05:55:53","slug":"fdb222","status":"publish","type":"product","link":"https:\/\/engitech.az\/en\/product\/fdb222\/","title":{"rendered":"FDB222"},"content":{"rendered":"<p>\u2022 <strong data-start=\"2\" data-end=\"12\">Model:<\/strong> Siemens <strong data-start=\"21\" data-end=\"31\">FDB222<\/strong><br data-start=\"31\" data-end=\"34\" \/>\u2022 <strong data-start=\"36\" data-end=\"44\">Type:<\/strong> Adresli yan\u011f\u0131n detektoru<br data-start=\"69\" data-end=\"72\" \/>\u2022 <strong data-start=\"74\" data-end=\"87\">Function:<\/strong> Yan\u011f\u0131n a\u015fkarlanmas\u0131 v\u0259 siqnal verm\u0259<br data-start=\"123\" data-end=\"126\" \/>\u2022 <strong data-start=\"128\" data-end=\"141\">Usage:<\/strong> Adresli yan\u011f\u0131n siqnalizasiya sisteml\u0259ri<\/p>","protected":false},"excerpt":{"rendered":"<p>\u2022 Model: Siemens FDB222\u2022 Tip: Adresli yan\u011f\u0131n detektoru\u2022 Funksiya: Yan\u011f\u0131n  [&#8230;]<\/p>","protected":false},"featured_media":10822,"comment_status":"open","ping_status":"closed","template":"","meta":[],"product_brand":[],"product_cat":[335],"product_tag":[],"class_list":{"0":"post-10821","1":"product","2":"type-product","3":"status-publish","4":"has-post-thumbnail","6":"product_cat-siemens","7":"pa_mehsul-tipi-automatic-detectors","9":"first","10":"instock","11":"sold-individually","12":"shipping-taxable","13":"purchasable","14":"product-type-simple"},"_links":{"self":[{"href":"https:\/\/engitech.az\/en\/wp-json\/wp\/v2\/product\/10821","targetHints":{"allow":["GET"]}}],"collection":[{"href":"https:\/\/engitech.az\/en\/wp-json\/wp\/v2\/product"}],"about":[{"href":"https:\/\/engitech.az\/en\/wp-json\/wp\/v2\/types\/product"}],"replies":[{"embeddable":true,"href":"https:\/\/engitech.az\/en\/wp-json\/wp\/v2\/comments?post=10821"}],"wp:featuredmedia":[{"embeddable":true,"href":"https:\/\/engitech.az\/en\/wp-json\/wp\/v2\/media\/10822"}],"wp:attachment":[{"href":"https:\/\/engitech.az\/en\/wp-json\/wp\/v2\/media?parent=10821"}],"wp:term":[{"taxonomy":"product_brand","embeddable":true,"href":"https:\/\/engitech.az\/en\/wp-json\/wp\/v2\/product_brand?post=10821"},{"taxonomy":"product_cat","embeddable":true,"href":"https:\/\/engitech.az\/en\/wp-json\/wp\/v2\/product_cat?post=10821"},{"taxonomy":"product_tag","embeddable":true,"href":"https:\/\/engitech.az\/en\/wp-json\/wp\/v2\/product_tag?post=10821"}],"curies":[{"name":"wp","href":"https:\/\/api.w.org\/{rel}","templated":true}]}}