{"id":10823,"date":"2026-02-12T05:57:05","date_gmt":"2026-02-12T05:57:05","guid":{"rendered":"https:\/\/engitech.az\/?post_type=product&#038;p=10823"},"modified":"2026-02-12T05:57:05","modified_gmt":"2026-02-12T05:57:05","slug":"fdoot241-a","status":"publish","type":"product","link":"https:\/\/engitech.az\/en\/product\/fdoot241-a\/","title":{"rendered":"FDOOT241-A"},"content":{"rendered":"<p>\u2022 <strong data-start=\"2\" data-end=\"12\">Model:<\/strong> Siemens <strong data-start=\"21\" data-end=\"35\">FDOOT241-A<\/strong><br data-start=\"35\" data-end=\"38\" \/>\u2022 <strong data-start=\"40\" data-end=\"48\">Type:<\/strong> Adresli optik-termik (multi-sens\u00f6r) yan\u011f\u0131n detektoru<br data-start=\"101\" data-end=\"104\" \/>\u2022 <strong data-start=\"106\" data-end=\"119\">Function:<\/strong> \u0130\u015f\u0131q + temperatur m\u0259lumatlar\u0131 il\u0259 yan\u011f\u0131n a\u015fkarlanmas\u0131<br data-start=\"173\" data-end=\"176\" \/>\u2022 <strong data-start=\"178\" data-end=\"191\">Usage:<\/strong> Adresli yan\u011f\u0131n siqnalizasiya sisteml\u0259ri \u00fc\u00e7\u00fcn<\/p>","protected":false},"excerpt":{"rendered":"<p>\u2022 Model: Siemens FDOOT241-A\u2022 Tip: Adresli optik-termik (multi-sens\u00f6r) yan\u011f\u0131n detektoru\u2022  [&#8230;]<\/p>","protected":false},"featured_media":10824,"comment_status":"open","ping_status":"closed","template":"","meta":[],"product_brand":[],"product_cat":[335],"product_tag":[],"class_list":{"0":"post-10823","1":"product","2":"type-product","3":"status-publish","4":"has-post-thumbnail","6":"product_cat-siemens","7":"pa_mehsul-tipi-automatic-detectors","9":"first","10":"instock","11":"sold-individually","12":"shipping-taxable","13":"purchasable","14":"product-type-simple"},"_links":{"self":[{"href":"https:\/\/engitech.az\/en\/wp-json\/wp\/v2\/product\/10823","targetHints":{"allow":["GET"]}}],"collection":[{"href":"https:\/\/engitech.az\/en\/wp-json\/wp\/v2\/product"}],"about":[{"href":"https:\/\/engitech.az\/en\/wp-json\/wp\/v2\/types\/product"}],"replies":[{"embeddable":true,"href":"https:\/\/engitech.az\/en\/wp-json\/wp\/v2\/comments?post=10823"}],"wp:featuredmedia":[{"embeddable":true,"href":"https:\/\/engitech.az\/en\/wp-json\/wp\/v2\/media\/10824"}],"wp:attachment":[{"href":"https:\/\/engitech.az\/en\/wp-json\/wp\/v2\/media?parent=10823"}],"wp:term":[{"taxonomy":"product_brand","embeddable":true,"href":"https:\/\/engitech.az\/en\/wp-json\/wp\/v2\/product_brand?post=10823"},{"taxonomy":"product_cat","embeddable":true,"href":"https:\/\/engitech.az\/en\/wp-json\/wp\/v2\/product_cat?post=10823"},{"taxonomy":"product_tag","embeddable":true,"href":"https:\/\/engitech.az\/en\/wp-json\/wp\/v2\/product_tag?post=10823"}],"curies":[{"name":"wp","href":"https:\/\/api.w.org\/{rel}","templated":true}]}}