{"id":10831,"date":"2026-02-12T06:03:48","date_gmt":"2026-02-12T06:03:48","guid":{"rendered":"https:\/\/engitech.az\/?post_type=product&#038;p=10831"},"modified":"2026-02-12T06:03:48","modified_gmt":"2026-02-12T06:03:48","slug":"ooh740-multi-sensor-smoke-detector-asa","status":"publish","type":"product","link":"https:\/\/engitech.az\/en\/product\/ooh740-multi-sensor-smoke-detector-asa\/","title":{"rendered":"OOH740 Multi-sensor smoke detector, ASA"},"content":{"rendered":"<p>\u2022 <strong data-start=\"2\" data-end=\"12\">Model:<\/strong> OOH740<br data-start=\"19\" data-end=\"22\" \/>\u2022 <strong data-start=\"24\" data-end=\"32\">Type:<\/strong> Multi-sensor duman detektoru (ASA)<br data-start=\"67\" data-end=\"70\" \/>\u2022 <strong data-start=\"72\" data-end=\"85\">Function:<\/strong> Duman v\u0259 yan\u011f\u0131n siqnallar\u0131n\u0131 a\u015fkar edir<br data-start=\"125\" data-end=\"128\" \/>\u2022 <strong data-start=\"130\" data-end=\"143\">Usage:<\/strong> Yan\u011f\u0131n siqnalizasiya sisteml\u0259ri<\/p>","protected":false},"excerpt":{"rendered":"<p>\u2022 Model: OOH740\u2022 Tip: Multi-sensor duman detektoru (ASA)\u2022 Funksiya: Duman  [&#8230;]<\/p>","protected":false},"featured_media":10832,"comment_status":"open","ping_status":"closed","template":"","meta":[],"product_brand":[],"product_cat":[335],"product_tag":[],"class_list":{"0":"post-10831","1":"product","2":"type-product","3":"status-publish","4":"has-post-thumbnail","6":"product_cat-siemens","7":"pa_mehsul-tipi-automatic-detectors","9":"first","10":"instock","11":"sold-individually","12":"shipping-taxable","13":"purchasable","14":"product-type-simple"},"_links":{"self":[{"href":"https:\/\/engitech.az\/en\/wp-json\/wp\/v2\/product\/10831","targetHints":{"allow":["GET"]}}],"collection":[{"href":"https:\/\/engitech.az\/en\/wp-json\/wp\/v2\/product"}],"about":[{"href":"https:\/\/engitech.az\/en\/wp-json\/wp\/v2\/types\/product"}],"replies":[{"embeddable":true,"href":"https:\/\/engitech.az\/en\/wp-json\/wp\/v2\/comments?post=10831"}],"wp:featuredmedia":[{"embeddable":true,"href":"https:\/\/engitech.az\/en\/wp-json\/wp\/v2\/media\/10832"}],"wp:attachment":[{"href":"https:\/\/engitech.az\/en\/wp-json\/wp\/v2\/media?parent=10831"}],"wp:term":[{"taxonomy":"product_brand","embeddable":true,"href":"https:\/\/engitech.az\/en\/wp-json\/wp\/v2\/product_brand?post=10831"},{"taxonomy":"product_cat","embeddable":true,"href":"https:\/\/engitech.az\/en\/wp-json\/wp\/v2\/product_cat?post=10831"},{"taxonomy":"product_tag","embeddable":true,"href":"https:\/\/engitech.az\/en\/wp-json\/wp\/v2\/product_tag?post=10831"}],"curies":[{"name":"wp","href":"https:\/\/api.w.org\/{rel}","templated":true}]}}