{"id":10833,"date":"2026-02-12T06:05:09","date_gmt":"2026-02-12T06:05:09","guid":{"rendered":"https:\/\/engitech.az\/?post_type=product&#038;p=10833"},"modified":"2026-02-12T06:05:09","modified_gmt":"2026-02-12T06:05:09","slug":"db722-detector-base","status":"publish","type":"product","link":"https:\/\/engitech.az\/en\/product\/db722-detector-base\/","title":{"rendered":"DB722 Detector base"},"content":{"rendered":"<p>\u2022 <strong data-start=\"2\" data-end=\"12\">Model:<\/strong> DB722<br data-start=\"18\" data-end=\"21\" \/>\u2022 <strong data-start=\"23\" data-end=\"31\">Type:<\/strong> Detector baza (detektor tutaca\u011f\u0131)<br data-start=\"65\" data-end=\"68\" \/>\u2022 <strong data-start=\"70\" data-end=\"83\">Function:<\/strong> Detektor \u00fc\u00e7\u00fcn montaj bazas\u0131<br data-start=\"111\" data-end=\"114\" \/>\u2022 <strong data-start=\"116\" data-end=\"129\">Usage:<\/strong> Yan\u011f\u0131n detektorlar\u0131n\u0131n qura\u015fd\u0131r\u0131lmas\u0131 \u00fc\u00e7\u00fcn<\/p>","protected":false},"excerpt":{"rendered":"<p>\u2022 Model: DB722\u2022 Tip: Detector baza (detektor tutaca\u011f\u0131)\u2022 Funksiya: Detektor  [&#8230;]<\/p>","protected":false},"featured_media":10834,"comment_status":"open","ping_status":"closed","template":"","meta":[],"product_brand":[],"product_cat":[335],"product_tag":[],"class_list":{"0":"post-10833","1":"product","2":"type-product","3":"status-publish","4":"has-post-thumbnail","6":"product_cat-siemens","7":"pa_mehsul-tipi-automatic-detectors","9":"first","10":"instock","11":"sold-individually","12":"shipping-taxable","13":"purchasable","14":"product-type-simple"},"_links":{"self":[{"href":"https:\/\/engitech.az\/en\/wp-json\/wp\/v2\/product\/10833","targetHints":{"allow":["GET"]}}],"collection":[{"href":"https:\/\/engitech.az\/en\/wp-json\/wp\/v2\/product"}],"about":[{"href":"https:\/\/engitech.az\/en\/wp-json\/wp\/v2\/types\/product"}],"replies":[{"embeddable":true,"href":"https:\/\/engitech.az\/en\/wp-json\/wp\/v2\/comments?post=10833"}],"wp:featuredmedia":[{"embeddable":true,"href":"https:\/\/engitech.az\/en\/wp-json\/wp\/v2\/media\/10834"}],"wp:attachment":[{"href":"https:\/\/engitech.az\/en\/wp-json\/wp\/v2\/media?parent=10833"}],"wp:term":[{"taxonomy":"product_brand","embeddable":true,"href":"https:\/\/engitech.az\/en\/wp-json\/wp\/v2\/product_brand?post=10833"},{"taxonomy":"product_cat","embeddable":true,"href":"https:\/\/engitech.az\/en\/wp-json\/wp\/v2\/product_cat?post=10833"},{"taxonomy":"product_tag","embeddable":true,"href":"https:\/\/engitech.az\/en\/wp-json\/wp\/v2\/product_tag?post=10833"}],"curies":[{"name":"wp","href":"https:\/\/api.w.org\/{rel}","templated":true}]}}