{"id":10835,"date":"2026-02-12T06:06:36","date_gmt":"2026-02-12T06:06:36","guid":{"rendered":"https:\/\/engitech.az\/?post_type=product&#038;p=10835"},"modified":"2026-02-12T06:06:36","modified_gmt":"2026-02-12T06:06:36","slug":"dbs720-sounder-base","status":"publish","type":"product","link":"https:\/\/engitech.az\/en\/product\/dbs720-sounder-base\/","title":{"rendered":"DBS720 Sounder base"},"content":{"rendered":"<p>\u2022 <strong data-start=\"2\" data-end=\"12\">Model:<\/strong> <strong data-start=\"13\" data-end=\"23\">DBS720<\/strong><br data-start=\"23\" data-end=\"26\" \/>\u2022 <strong data-start=\"28\" data-end=\"36\">Type:<\/strong> Sounder base (s\u0259s siqnal\u0131 bazas\u0131)<br data-start=\"70\" data-end=\"73\" \/>\u2022 <strong data-start=\"75\" data-end=\"88\">Function:<\/strong> Yan\u011f\u0131n siqnal\u0131 \u00fc\u00e7\u00fcn <strong data-start=\"109\" data-end=\"130\">s\u0259sli x\u0259b\u0259rdarl\u0131q<\/strong> cihaz\u0131n\u0131n montaj bazas\u0131<br data-start=\"154\" data-end=\"157\" \/>\u2022 <strong data-start=\"159\" data-end=\"172\">Usage:<\/strong> Adresli yan\u011f\u0131n siqnalizasiya sisteml\u0259ri<\/p>","protected":false},"excerpt":{"rendered":"<p>\u2022 Model: DBS720\u2022 Tip: Sounder base (s\u0259s siqnal\u0131 bazas\u0131)\u2022 Funksiya:  [&#8230;]<\/p>","protected":false},"featured_media":10836,"comment_status":"open","ping_status":"closed","template":"","meta":[],"product_brand":[],"product_cat":[335],"product_tag":[],"class_list":{"0":"post-10835","1":"product","2":"type-product","3":"status-publish","4":"has-post-thumbnail","6":"product_cat-siemens","7":"pa_mehsul-tipi-automatic-detectors","9":"first","10":"instock","11":"sold-individually","12":"shipping-taxable","13":"purchasable","14":"product-type-simple"},"_links":{"self":[{"href":"https:\/\/engitech.az\/en\/wp-json\/wp\/v2\/product\/10835","targetHints":{"allow":["GET"]}}],"collection":[{"href":"https:\/\/engitech.az\/en\/wp-json\/wp\/v2\/product"}],"about":[{"href":"https:\/\/engitech.az\/en\/wp-json\/wp\/v2\/types\/product"}],"replies":[{"embeddable":true,"href":"https:\/\/engitech.az\/en\/wp-json\/wp\/v2\/comments?post=10835"}],"wp:featuredmedia":[{"embeddable":true,"href":"https:\/\/engitech.az\/en\/wp-json\/wp\/v2\/media\/10836"}],"wp:attachment":[{"href":"https:\/\/engitech.az\/en\/wp-json\/wp\/v2\/media?parent=10835"}],"wp:term":[{"taxonomy":"product_brand","embeddable":true,"href":"https:\/\/engitech.az\/en\/wp-json\/wp\/v2\/product_brand?post=10835"},{"taxonomy":"product_cat","embeddable":true,"href":"https:\/\/engitech.az\/en\/wp-json\/wp\/v2\/product_cat?post=10835"},{"taxonomy":"product_tag","embeddable":true,"href":"https:\/\/engitech.az\/en\/wp-json\/wp\/v2\/product_tag?post=10835"}],"curies":[{"name":"wp","href":"https:\/\/api.w.org\/{rel}","templated":true}]}}