{"id":10851,"date":"2026-02-12T06:24:38","date_gmt":"2026-02-12T06:24:38","guid":{"rendered":"https:\/\/engitech.az\/?post_type=product&#038;p=10851"},"modified":"2026-02-12T06:24:38","modified_gmt":"2026-02-12T06:24:38","slug":"fds227-wr-c-voice-sounder-beacon","status":"publish","type":"product","link":"https:\/\/engitech.az\/en\/product\/fds227-wr-c-voice-sounder-beacon\/","title":{"rendered":"FDS227-WR-C Voice sounder beacon"},"content":{"rendered":"<p>\u2022 <strong data-start=\"2\" data-end=\"12\">Model:<\/strong> FDS227-WR-C<br data-start=\"24\" data-end=\"27\" \/>\u2022 <strong data-start=\"29\" data-end=\"37\">Type:<\/strong> Voice sounder beacon (s\u0259s + i\u015f\u0131q siqnal cihaz\u0131)<br data-start=\"85\" data-end=\"88\" \/>\u2022 <strong data-start=\"90\" data-end=\"103\">Function:<\/strong> Yan\u011f\u0131n siqnal\u0131 zaman\u0131 <strong data-start=\"126\" data-end=\"157\">s\u0259sli v\u0259 i\u015f\u0131ql\u0131 x\u0259b\u0259rdarl\u0131q<\/strong> gives<br data-start=\"163\" data-end=\"166\" \/>\u2022 <strong data-start=\"168\" data-end=\"181\">Usage:<\/strong> Yan\u011f\u0131n siqnalizasiya sisteml\u0259ri \u00fc\u00e7\u00fcn<\/p>","protected":false},"excerpt":{"rendered":"<p>\u2022 Model: FDS227-WR-C\u2022 Tip: Voice sounder beacon (s\u0259s + i\u015f\u0131q  [&#8230;]<\/p>","protected":false},"featured_media":10852,"comment_status":"open","ping_status":"closed","template":"","meta":[],"product_brand":[],"product_cat":[335],"product_tag":[],"class_list":{"0":"post-10851","1":"product","2":"type-product","3":"status-publish","4":"has-post-thumbnail","6":"product_cat-siemens","7":"pa_mehsul-tipi-alarm-devices","9":"first","10":"instock","11":"sold-individually","12":"shipping-taxable","13":"purchasable","14":"product-type-simple"},"_links":{"self":[{"href":"https:\/\/engitech.az\/en\/wp-json\/wp\/v2\/product\/10851","targetHints":{"allow":["GET"]}}],"collection":[{"href":"https:\/\/engitech.az\/en\/wp-json\/wp\/v2\/product"}],"about":[{"href":"https:\/\/engitech.az\/en\/wp-json\/wp\/v2\/types\/product"}],"replies":[{"embeddable":true,"href":"https:\/\/engitech.az\/en\/wp-json\/wp\/v2\/comments?post=10851"}],"wp:featuredmedia":[{"embeddable":true,"href":"https:\/\/engitech.az\/en\/wp-json\/wp\/v2\/media\/10852"}],"wp:attachment":[{"href":"https:\/\/engitech.az\/en\/wp-json\/wp\/v2\/media?parent=10851"}],"wp:term":[{"taxonomy":"product_brand","embeddable":true,"href":"https:\/\/engitech.az\/en\/wp-json\/wp\/v2\/product_brand?post=10851"},{"taxonomy":"product_cat","embeddable":true,"href":"https:\/\/engitech.az\/en\/wp-json\/wp\/v2\/product_cat?post=10851"},{"taxonomy":"product_tag","embeddable":true,"href":"https:\/\/engitech.az\/en\/wp-json\/wp\/v2\/product_tag?post=10851"}],"curies":[{"name":"wp","href":"https:\/\/api.w.org\/{rel}","templated":true}]}}