{"id":10853,"date":"2026-02-12T06:26:13","date_gmt":"2026-02-12T06:26:13","guid":{"rendered":"https:\/\/engitech.az\/?post_type=product&#038;p=10853"},"modified":"2026-02-12T06:26:13","modified_gmt":"2026-02-12T06:26:13","slug":"fds364-w-sounder-in-white-housing","status":"publish","type":"product","link":"https:\/\/engitech.az\/en\/product\/fds364-w-sounder-in-white-housing\/","title":{"rendered":"FDS364-W Sounder in white housing"},"content":{"rendered":"<p>\u2022 <strong data-start=\"2\" data-end=\"12\">Model:<\/strong> FDS364-W<br data-start=\"21\" data-end=\"24\" \/>\u2022 <strong data-start=\"26\" data-end=\"34\">Type:<\/strong> Sounder (s\u0259s siqnal cihaz\u0131) <strong data-start=\"63\" data-end=\"78\">a\u011f korpusda<\/strong><br data-start=\"78\" data-end=\"81\" \/>\u2022 <strong data-start=\"83\" data-end=\"96\">Function:<\/strong> Yan\u011f\u0131n siqnal\u0131 zaman\u0131 <strong data-start=\"119\" data-end=\"140\">s\u0259sli x\u0259b\u0259rdarl\u0131q<\/strong> gives<br data-start=\"146\" data-end=\"149\" \/>\u2022 <strong data-start=\"151\" data-end=\"164\">Usage:<\/strong> Yan\u011f\u0131n siqnalizasiya sisteml\u0259ri \u00fc\u00e7\u00fcn<\/p>","protected":false},"excerpt":{"rendered":"<p>\u2022 Model: FDS364-W\u2022 Tip: Sounder (s\u0259s siqnal cihaz\u0131) a\u011f korpusda\u2022  [&#8230;]<\/p>","protected":false},"featured_media":10854,"comment_status":"open","ping_status":"closed","template":"","meta":[],"product_brand":[],"product_cat":[335],"product_tag":[],"class_list":{"0":"post-10853","1":"product","2":"type-product","3":"status-publish","4":"has-post-thumbnail","6":"product_cat-siemens","7":"pa_mehsul-tipi-alarm-devices","9":"first","10":"instock","11":"sold-individually","12":"shipping-taxable","13":"purchasable","14":"product-type-simple"},"_links":{"self":[{"href":"https:\/\/engitech.az\/en\/wp-json\/wp\/v2\/product\/10853","targetHints":{"allow":["GET"]}}],"collection":[{"href":"https:\/\/engitech.az\/en\/wp-json\/wp\/v2\/product"}],"about":[{"href":"https:\/\/engitech.az\/en\/wp-json\/wp\/v2\/types\/product"}],"replies":[{"embeddable":true,"href":"https:\/\/engitech.az\/en\/wp-json\/wp\/v2\/comments?post=10853"}],"wp:featuredmedia":[{"embeddable":true,"href":"https:\/\/engitech.az\/en\/wp-json\/wp\/v2\/media\/10854"}],"wp:attachment":[{"href":"https:\/\/engitech.az\/en\/wp-json\/wp\/v2\/media?parent=10853"}],"wp:term":[{"taxonomy":"product_brand","embeddable":true,"href":"https:\/\/engitech.az\/en\/wp-json\/wp\/v2\/product_brand?post=10853"},{"taxonomy":"product_cat","embeddable":true,"href":"https:\/\/engitech.az\/en\/wp-json\/wp\/v2\/product_cat?post=10853"},{"taxonomy":"product_tag","embeddable":true,"href":"https:\/\/engitech.az\/en\/wp-json\/wp\/v2\/product_tag?post=10853"}],"curies":[{"name":"wp","href":"https:\/\/api.w.org\/{rel}","templated":true}]}}