{"id":10855,"date":"2026-02-12T06:28:01","date_gmt":"2026-02-12T06:28:01","guid":{"rendered":"https:\/\/engitech.az\/?post_type=product&#038;p=10855"},"modified":"2026-02-12T06:28:01","modified_gmt":"2026-02-12T06:28:01","slug":"fdb227-r-base-deep","status":"publish","type":"product","link":"https:\/\/engitech.az\/en\/product\/fdb227-r-base-deep\/","title":{"rendered":"FDB227-R Base deep"},"content":{"rendered":"<p>\u2022 <strong data-start=\"2\" data-end=\"12\">Model:<\/strong> <strong data-start=\"13\" data-end=\"25\">FDB227-R<\/strong><br data-start=\"25\" data-end=\"28\" \/>\u2022 <strong data-start=\"30\" data-end=\"38\">Type:<\/strong> D\u0259rin baza (deep base) \u2014 <strong data-start=\"64\" data-end=\"75\">q\u0131rm\u0131z\u0131<\/strong><br data-start=\"75\" data-end=\"78\" \/>\u2022 <strong data-start=\"80\" data-end=\"93\">Function:<\/strong> Daha d\u0259rin montaj \u00fc\u00e7\u00fcn detektor bazas\u0131<br data-start=\"132\" data-end=\"135\" \/>\u2022 <strong data-start=\"137\" data-end=\"150\">Usage:<\/strong> Yan\u011f\u0131n siqnalizasiya sisteml\u0259ri \u00fc\u00e7\u00fcn detektor qura\u015fd\u0131rmas\u0131<\/p>","protected":false},"excerpt":{"rendered":"<p>\u2022 Model: FDB227-R\u2022 Tip: D\u0259rin baza (deep base) \u2014 q\u0131rm\u0131z\u0131\u2022  [&#8230;]<\/p>","protected":false},"featured_media":10856,"comment_status":"open","ping_status":"closed","template":"","meta":[],"product_brand":[],"product_cat":[335],"product_tag":[],"class_list":{"0":"post-10855","1":"product","2":"type-product","3":"status-publish","4":"has-post-thumbnail","6":"product_cat-siemens","7":"pa_mehsul-tipi-alarm-devices","9":"first","10":"instock","11":"sold-individually","12":"shipping-taxable","13":"purchasable","14":"product-type-simple"},"_links":{"self":[{"href":"https:\/\/engitech.az\/en\/wp-json\/wp\/v2\/product\/10855","targetHints":{"allow":["GET"]}}],"collection":[{"href":"https:\/\/engitech.az\/en\/wp-json\/wp\/v2\/product"}],"about":[{"href":"https:\/\/engitech.az\/en\/wp-json\/wp\/v2\/types\/product"}],"replies":[{"embeddable":true,"href":"https:\/\/engitech.az\/en\/wp-json\/wp\/v2\/comments?post=10855"}],"wp:featuredmedia":[{"embeddable":true,"href":"https:\/\/engitech.az\/en\/wp-json\/wp\/v2\/media\/10856"}],"wp:attachment":[{"href":"https:\/\/engitech.az\/en\/wp-json\/wp\/v2\/media?parent=10855"}],"wp:term":[{"taxonomy":"product_brand","embeddable":true,"href":"https:\/\/engitech.az\/en\/wp-json\/wp\/v2\/product_brand?post=10855"},{"taxonomy":"product_cat","embeddable":true,"href":"https:\/\/engitech.az\/en\/wp-json\/wp\/v2\/product_cat?post=10855"},{"taxonomy":"product_tag","embeddable":true,"href":"https:\/\/engitech.az\/en\/wp-json\/wp\/v2\/product_tag?post=10855"}],"curies":[{"name":"wp","href":"https:\/\/api.w.org\/{rel}","templated":true}]}}