{"id":10857,"date":"2026-02-12T06:29:20","date_gmt":"2026-02-12T06:29:20","guid":{"rendered":"https:\/\/engitech.az\/?post_type=product&#038;p=10857"},"modified":"2026-02-12T06:29:20","modified_gmt":"2026-02-12T06:29:20","slug":"fdb227-w-base-deep","status":"publish","type":"product","link":"https:\/\/engitech.az\/en\/product\/fdb227-w-base-deep\/","title":{"rendered":"FDB227-W Base deep"},"content":{"rendered":"<p>\u2022 <strong data-start=\"2\" data-end=\"12\">Model:<\/strong> <strong data-start=\"13\" data-end=\"25\">FDB227-W<\/strong><br data-start=\"25\" data-end=\"28\" \/>\u2022 <strong data-start=\"30\" data-end=\"38\">Type:<\/strong> D\u0259rin baza (deep base), <strong data-start=\"63\" data-end=\"76\">a\u011f r\u0259ngd\u0259<\/strong><br data-start=\"76\" data-end=\"79\" \/>\u2022 <strong data-start=\"81\" data-end=\"94\">Function:<\/strong> D\u0259rin montaj \u00fc\u00e7\u00fcn detektor bazas\u0131<br data-start=\"128\" data-end=\"131\" \/>\u2022 <strong data-start=\"133\" data-end=\"146\">Usage:<\/strong> Yan\u011f\u0131n siqnalizasiya sisteml\u0259rind\u0259 detektor qura\u015fd\u0131r\u0131lmas\u0131 \u00fc\u00e7\u00fcn<\/p>","protected":false},"excerpt":{"rendered":"<p>\u2022 Model: FDB227-W\u2022 Tip: D\u0259rin baza (deep base), a\u011f r\u0259ngd\u0259\u2022  [&#8230;]<\/p>","protected":false},"featured_media":10858,"comment_status":"open","ping_status":"closed","template":"","meta":[],"product_brand":[],"product_cat":[335],"product_tag":[],"class_list":{"0":"post-10857","1":"product","2":"type-product","3":"status-publish","4":"has-post-thumbnail","6":"product_cat-siemens","7":"pa_mehsul-tipi-alarm-devices","9":"first","10":"instock","11":"sold-individually","12":"shipping-taxable","13":"purchasable","14":"product-type-simple"},"_links":{"self":[{"href":"https:\/\/engitech.az\/en\/wp-json\/wp\/v2\/product\/10857","targetHints":{"allow":["GET"]}}],"collection":[{"href":"https:\/\/engitech.az\/en\/wp-json\/wp\/v2\/product"}],"about":[{"href":"https:\/\/engitech.az\/en\/wp-json\/wp\/v2\/types\/product"}],"replies":[{"embeddable":true,"href":"https:\/\/engitech.az\/en\/wp-json\/wp\/v2\/comments?post=10857"}],"wp:featuredmedia":[{"embeddable":true,"href":"https:\/\/engitech.az\/en\/wp-json\/wp\/v2\/media\/10858"}],"wp:attachment":[{"href":"https:\/\/engitech.az\/en\/wp-json\/wp\/v2\/media?parent=10857"}],"wp:term":[{"taxonomy":"product_brand","embeddable":true,"href":"https:\/\/engitech.az\/en\/wp-json\/wp\/v2\/product_brand?post=10857"},{"taxonomy":"product_cat","embeddable":true,"href":"https:\/\/engitech.az\/en\/wp-json\/wp\/v2\/product_cat?post=10857"},{"taxonomy":"product_tag","embeddable":true,"href":"https:\/\/engitech.az\/en\/wp-json\/wp\/v2\/product_tag?post=10857"}],"curies":[{"name":"wp","href":"https:\/\/api.w.org\/{rel}","templated":true}]}}