{"id":10861,"date":"2026-02-12T06:32:05","date_gmt":"2026-02-12T06:32:05","guid":{"rendered":"https:\/\/engitech.az\/?post_type=product&#038;p=10861"},"modified":"2026-02-12T06:32:06","modified_gmt":"2026-02-12T06:32:06","slug":"fdsb227-ww-c-voice-sounder-beacon-base","status":"publish","type":"product","link":"https:\/\/engitech.az\/en\/product\/fdsb227-ww-c-voice-sounder-beacon-base\/","title":{"rendered":"FDSB227-WW-C Voice sounder beacon base"},"content":{"rendered":"<p>\u2022 <strong data-start=\"2\" data-end=\"12\">Model:<\/strong> FDSB227-WW-C<br data-start=\"25\" data-end=\"28\" \/>\u2022 <strong data-start=\"30\" data-end=\"38\">Type:<\/strong> Voice sounder beacon baza<br data-start=\"64\" data-end=\"67\" \/>\u2022 <strong data-start=\"69\" data-end=\"82\">Function:<\/strong> S\u0259s + i\u015f\u0131q siqnal cihaz\u0131 \u00fc\u00e7\u00fcn baza montaj\u0131<br data-start=\"125\" data-end=\"128\" \/>\u2022 <strong data-start=\"130\" data-end=\"143\">Usage:<\/strong> Yan\u011f\u0131n siqnalizasiya sisteml\u0259ri \u00fc\u00e7\u00fcn<\/p>","protected":false},"excerpt":{"rendered":"<p>\u2022 Model: FDSB227-WW-C\u2022 Tip: Voice sounder beacon baza\u2022 Funksiya: S\u0259s  [&#8230;]<\/p>","protected":false},"featured_media":10862,"comment_status":"open","ping_status":"closed","template":"","meta":[],"product_brand":[],"product_cat":[335],"product_tag":[],"class_list":{"0":"post-10861","1":"product","2":"type-product","3":"status-publish","4":"has-post-thumbnail","6":"product_cat-siemens","7":"pa_mehsul-tipi-alarm-devices","9":"first","10":"instock","11":"sold-individually","12":"shipping-taxable","13":"purchasable","14":"product-type-simple"},"_links":{"self":[{"href":"https:\/\/engitech.az\/en\/wp-json\/wp\/v2\/product\/10861","targetHints":{"allow":["GET"]}}],"collection":[{"href":"https:\/\/engitech.az\/en\/wp-json\/wp\/v2\/product"}],"about":[{"href":"https:\/\/engitech.az\/en\/wp-json\/wp\/v2\/types\/product"}],"replies":[{"embeddable":true,"href":"https:\/\/engitech.az\/en\/wp-json\/wp\/v2\/comments?post=10861"}],"wp:featuredmedia":[{"embeddable":true,"href":"https:\/\/engitech.az\/en\/wp-json\/wp\/v2\/media\/10862"}],"wp:attachment":[{"href":"https:\/\/engitech.az\/en\/wp-json\/wp\/v2\/media?parent=10861"}],"wp:term":[{"taxonomy":"product_brand","embeddable":true,"href":"https:\/\/engitech.az\/en\/wp-json\/wp\/v2\/product_brand?post=10861"},{"taxonomy":"product_cat","embeddable":true,"href":"https:\/\/engitech.az\/en\/wp-json\/wp\/v2\/product_cat?post=10861"},{"taxonomy":"product_tag","embeddable":true,"href":"https:\/\/engitech.az\/en\/wp-json\/wp\/v2\/product_tag?post=10861"}],"curies":[{"name":"wp","href":"https:\/\/api.w.org\/{rel}","templated":true}]}}