{"id":10863,"date":"2026-02-12T06:33:46","date_gmt":"2026-02-12T06:33:46","guid":{"rendered":"https:\/\/engitech.az\/?post_type=product&#038;p=10863"},"modified":"2026-02-12T06:33:46","modified_gmt":"2026-02-12T06:33:46","slug":"fdb229-base-deep","status":"publish","type":"product","link":"https:\/\/engitech.az\/en\/product\/fdb229-base-deep\/","title":{"rendered":"FDB229 Base deep"},"content":{"rendered":"<p>\u2022 <strong data-start=\"2\" data-end=\"12\">Model:<\/strong> <strong data-start=\"13\" data-end=\"23\">FDB229<\/strong><br data-start=\"23\" data-end=\"26\" \/>\u2022 <strong data-start=\"28\" data-end=\"36\">Type:<\/strong> D\u0259rin baza (deep base)<br data-start=\"59\" data-end=\"62\" \/>\u2022 <strong data-start=\"64\" data-end=\"77\">Function:<\/strong> Detektorlar\u0131n <strong data-start=\"92\" data-end=\"122\">d\u0259yi\u015fk\u0259n montaj\u0131 \u00fc\u00e7\u00fcn baza<\/strong><br data-start=\"122\" data-end=\"125\" \/>\u2022 <strong data-start=\"127\" data-end=\"140\">Usage:<\/strong> Yan\u011f\u0131n siqnalizasiya sisteml\u0259rind\u0259 detektor qura\u015fd\u0131r\u0131lmas\u0131 \u00fc\u00e7\u00fcn<\/p>","protected":false},"excerpt":{"rendered":"<p>\u2022 Model: FDB229\u2022 Tip: D\u0259rin baza (deep base)\u2022 Funksiya: Detektorlar\u0131n  [&#8230;]<\/p>","protected":false},"featured_media":10864,"comment_status":"open","ping_status":"closed","template":"","meta":[],"product_brand":[],"product_cat":[335],"product_tag":[],"class_list":{"0":"post-10863","1":"product","2":"type-product","3":"status-publish","4":"has-post-thumbnail","6":"product_cat-siemens","7":"pa_mehsul-tipi-alarm-devices","9":"first","10":"instock","11":"sold-individually","12":"shipping-taxable","13":"purchasable","14":"product-type-simple"},"_links":{"self":[{"href":"https:\/\/engitech.az\/en\/wp-json\/wp\/v2\/product\/10863","targetHints":{"allow":["GET"]}}],"collection":[{"href":"https:\/\/engitech.az\/en\/wp-json\/wp\/v2\/product"}],"about":[{"href":"https:\/\/engitech.az\/en\/wp-json\/wp\/v2\/types\/product"}],"replies":[{"embeddable":true,"href":"https:\/\/engitech.az\/en\/wp-json\/wp\/v2\/comments?post=10863"}],"wp:featuredmedia":[{"embeddable":true,"href":"https:\/\/engitech.az\/en\/wp-json\/wp\/v2\/media\/10864"}],"wp:attachment":[{"href":"https:\/\/engitech.az\/en\/wp-json\/wp\/v2\/media?parent=10863"}],"wp:term":[{"taxonomy":"product_brand","embeddable":true,"href":"https:\/\/engitech.az\/en\/wp-json\/wp\/v2\/product_brand?post=10863"},{"taxonomy":"product_cat","embeddable":true,"href":"https:\/\/engitech.az\/en\/wp-json\/wp\/v2\/product_cat?post=10863"},{"taxonomy":"product_tag","embeddable":true,"href":"https:\/\/engitech.az\/en\/wp-json\/wp\/v2\/product_tag?post=10863"}],"curies":[{"name":"wp","href":"https:\/\/api.w.org\/{rel}","templated":true}]}}