{"id":10865,"date":"2026-02-12T06:37:28","date_gmt":"2026-02-12T06:37:28","guid":{"rendered":"https:\/\/engitech.az\/?post_type=product&#038;p=10865"},"modified":"2026-02-12T06:37:29","modified_gmt":"2026-02-12T06:37:29","slug":"fdm223-manual-call-point-complete","status":"publish","type":"product","link":"https:\/\/engitech.az\/en\/product\/fdm223-manual-call-point-complete\/","title":{"rendered":"FDM223 Manual call point complete"},"content":{"rendered":"<p>\u2022 <strong data-start=\"2\" data-end=\"12\">Model:<\/strong> <strong data-start=\"13\" data-end=\"23\">FDM223<\/strong><br data-start=\"23\" data-end=\"26\" \/>\u2022 <strong data-start=\"28\" data-end=\"36\">Type:<\/strong> Yan\u011f\u0131n siqnalizasiya \u00fc\u00e7\u00fcn <strong data-start=\"63\" data-end=\"95\">manual \u00e7a\u011f\u0131r\u0131\u015f n\u00f6qt\u0259si (MCP)<\/strong><br data-start=\"95\" data-end=\"98\" \/>\u2022 <strong data-start=\"100\" data-end=\"113\">Function:<\/strong> \u0130nsan t\u0259r\u0259find\u0259n <strong data-start=\"131\" data-end=\"169\">\u0259l il\u0259 yan\u011f\u0131n siqnal\u0131 aktivasiyas\u0131<\/strong><br data-start=\"169\" data-end=\"172\" \/>\u2022 <strong data-start=\"174\" data-end=\"187\">Usage:<\/strong> Yan\u011f\u0131n siqnalizasiya sisteml\u0259rind\u0259 t\u0259hl\u00fck\u0259sizlik \u00fc\u00e7\u00fcn<\/p>","protected":false},"excerpt":{"rendered":"<p>\u2022 Model: FDM223\u2022 Tip: Yan\u011f\u0131n siqnalizasiya \u00fc\u00e7\u00fcn manual \u00e7a\u011f\u0131r\u0131\u015f n\u00f6qt\u0259si  [&#8230;]<\/p>","protected":false},"featured_media":10871,"comment_status":"open","ping_status":"closed","template":"","meta":[],"product_brand":[],"product_cat":[335],"product_tag":[],"class_list":{"0":"post-10865","1":"product","2":"type-product","3":"status-publish","4":"has-post-thumbnail","6":"product_cat-siemens","7":"pa_mehsul-tipi-manual-call-points","9":"first","10":"instock","11":"sold-individually","12":"shipping-taxable","13":"purchasable","14":"product-type-simple"},"_links":{"self":[{"href":"https:\/\/engitech.az\/en\/wp-json\/wp\/v2\/product\/10865","targetHints":{"allow":["GET"]}}],"collection":[{"href":"https:\/\/engitech.az\/en\/wp-json\/wp\/v2\/product"}],"about":[{"href":"https:\/\/engitech.az\/en\/wp-json\/wp\/v2\/types\/product"}],"replies":[{"embeddable":true,"href":"https:\/\/engitech.az\/en\/wp-json\/wp\/v2\/comments?post=10865"}],"wp:featuredmedia":[{"embeddable":true,"href":"https:\/\/engitech.az\/en\/wp-json\/wp\/v2\/media\/10871"}],"wp:attachment":[{"href":"https:\/\/engitech.az\/en\/wp-json\/wp\/v2\/media?parent=10865"}],"wp:term":[{"taxonomy":"product_brand","embeddable":true,"href":"https:\/\/engitech.az\/en\/wp-json\/wp\/v2\/product_brand?post=10865"},{"taxonomy":"product_cat","embeddable":true,"href":"https:\/\/engitech.az\/en\/wp-json\/wp\/v2\/product_cat?post=10865"},{"taxonomy":"product_tag","embeddable":true,"href":"https:\/\/engitech.az\/en\/wp-json\/wp\/v2\/product_tag?post=10865"}],"curies":[{"name":"wp","href":"https:\/\/api.w.org\/{rel}","templated":true}]}}