{"id":10872,"date":"2026-02-12T06:38:41","date_gmt":"2026-02-12T06:38:41","guid":{"rendered":"https:\/\/engitech.az\/?post_type=product&#038;p=10872"},"modified":"2026-02-12T06:38:42","modified_gmt":"2026-02-12T06:38:42","slug":"fdm225-rg-manual-call-point-with-glass-plate","status":"publish","type":"product","link":"https:\/\/engitech.az\/en\/product\/fdm225-rg-manual-call-point-with-glass-plate\/","title":{"rendered":"FDM225-RG Manual call point with glass plate"},"content":{"rendered":"<p>\u2022 <strong data-start=\"2\" data-end=\"12\">Model:<\/strong> <strong data-start=\"13\" data-end=\"26\">FDM225-RG<\/strong><br data-start=\"26\" data-end=\"29\" \/>\u2022 <strong data-start=\"31\" data-end=\"39\">Type:<\/strong> Manual \u00e7a\u011f\u0131r\u0131\u015f n\u00f6qt\u0259si (\u0259l il\u0259 siqnal qutusu)<br data-start=\"85\" data-end=\"88\" \/>\u2022 <strong data-start=\"90\" data-end=\"105\">Feature:<\/strong> \u015e\u00fc\u015f\u0259 l\u00f6vh\u0259li aktivasiya<br data-start=\"129\" data-end=\"132\" \/>\u2022 <strong data-start=\"134\" data-end=\"147\">Function:<\/strong> Yan\u011f\u0131n siqnal\u0131n\u0131 <strong data-start=\"165\" data-end=\"175\">\u0259l il\u0259<\/strong> aktivl\u0259\u015fdirir<br data-start=\"189\" data-end=\"192\" \/>\u2022 <strong data-start=\"194\" data-end=\"207\">Usage:<\/strong> Yan\u011f\u0131n siqnalizasiya sisteml\u0259ri \u00fc\u00e7\u00fcn<\/p>","protected":false},"excerpt":{"rendered":"<p>\u2022 Model: FDM225-RG\u2022 Tip: Manual \u00e7a\u011f\u0131r\u0131\u015f n\u00f6qt\u0259si (\u0259l il\u0259 siqnal  [&#8230;]<\/p>","protected":false},"featured_media":10873,"comment_status":"open","ping_status":"closed","template":"","meta":[],"product_brand":[],"product_cat":[335],"product_tag":[],"class_list":{"0":"post-10872","1":"product","2":"type-product","3":"status-publish","4":"has-post-thumbnail","6":"product_cat-siemens","7":"pa_mehsul-tipi-manual-call-points","9":"first","10":"instock","11":"sold-individually","12":"shipping-taxable","13":"purchasable","14":"product-type-simple"},"_links":{"self":[{"href":"https:\/\/engitech.az\/en\/wp-json\/wp\/v2\/product\/10872","targetHints":{"allow":["GET"]}}],"collection":[{"href":"https:\/\/engitech.az\/en\/wp-json\/wp\/v2\/product"}],"about":[{"href":"https:\/\/engitech.az\/en\/wp-json\/wp\/v2\/types\/product"}],"replies":[{"embeddable":true,"href":"https:\/\/engitech.az\/en\/wp-json\/wp\/v2\/comments?post=10872"}],"wp:featuredmedia":[{"embeddable":true,"href":"https:\/\/engitech.az\/en\/wp-json\/wp\/v2\/media\/10873"}],"wp:attachment":[{"href":"https:\/\/engitech.az\/en\/wp-json\/wp\/v2\/media?parent=10872"}],"wp:term":[{"taxonomy":"product_brand","embeddable":true,"href":"https:\/\/engitech.az\/en\/wp-json\/wp\/v2\/product_brand?post=10872"},{"taxonomy":"product_cat","embeddable":true,"href":"https:\/\/engitech.az\/en\/wp-json\/wp\/v2\/product_cat?post=10872"},{"taxonomy":"product_tag","embeddable":true,"href":"https:\/\/engitech.az\/en\/wp-json\/wp\/v2\/product_tag?post=10872"}],"curies":[{"name":"wp","href":"https:\/\/api.w.org\/{rel}","templated":true}]}}