{"id":10874,"date":"2026-02-12T06:40:05","date_gmt":"2026-02-12T06:40:05","guid":{"rendered":"https:\/\/engitech.az\/?post_type=product&#038;p=10874"},"modified":"2026-02-12T06:40:05","modified_gmt":"2026-02-12T06:40:05","slug":"fdm226-rg-manual-call-point","status":"publish","type":"product","link":"https:\/\/engitech.az\/en\/product\/fdm226-rg-manual-call-point\/","title":{"rendered":"FDM226-RG Manual call point"},"content":{"rendered":"<p>\u2022 <strong data-start=\"2\" data-end=\"12\">Model:<\/strong> FDM226-RG<br data-start=\"22\" data-end=\"25\" \/>\u2022 <strong data-start=\"27\" data-end=\"35\">Type:<\/strong> Manual \u00e7a\u011f\u0131r\u0131\u015f n\u00f6qt\u0259si<br data-start=\"58\" data-end=\"61\" \/>\u2022 <strong data-start=\"63\" data-end=\"78\">Feature:<\/strong> <strong data-start=\"79\" data-end=\"97\">\u015e\u00fc\u015f\u0259 l\u00f6vh\u0259 il\u0259<\/strong> siqnal aktivl\u0259\u015fdirm\u0259<br data-start=\"118\" data-end=\"121\" \/>\u2022 <strong data-start=\"123\" data-end=\"136\">Usage:<\/strong> Yan\u011f\u0131n siqnalizasiya sisteml\u0259rind\u0259<\/p>","protected":false},"excerpt":{"rendered":"<p>\u2022 Model: FDM226-RG\u2022 Tip: Manual \u00e7a\u011f\u0131r\u0131\u015f n\u00f6qt\u0259si\u2022 X\u00fcsusiyy\u0259t: \u015e\u00fc\u015f\u0259 l\u00f6vh\u0259  [&#8230;]<\/p>","protected":false},"featured_media":10875,"comment_status":"open","ping_status":"closed","template":"","meta":[],"product_brand":[],"product_cat":[335],"product_tag":[],"class_list":{"0":"post-10874","1":"product","2":"type-product","3":"status-publish","4":"has-post-thumbnail","6":"product_cat-siemens","7":"pa_mehsul-tipi-manual-call-points","9":"first","10":"instock","11":"sold-individually","12":"shipping-taxable","13":"purchasable","14":"product-type-simple"},"_links":{"self":[{"href":"https:\/\/engitech.az\/en\/wp-json\/wp\/v2\/product\/10874","targetHints":{"allow":["GET"]}}],"collection":[{"href":"https:\/\/engitech.az\/en\/wp-json\/wp\/v2\/product"}],"about":[{"href":"https:\/\/engitech.az\/en\/wp-json\/wp\/v2\/types\/product"}],"replies":[{"embeddable":true,"href":"https:\/\/engitech.az\/en\/wp-json\/wp\/v2\/comments?post=10874"}],"wp:featuredmedia":[{"embeddable":true,"href":"https:\/\/engitech.az\/en\/wp-json\/wp\/v2\/media\/10875"}],"wp:attachment":[{"href":"https:\/\/engitech.az\/en\/wp-json\/wp\/v2\/media?parent=10874"}],"wp:term":[{"taxonomy":"product_brand","embeddable":true,"href":"https:\/\/engitech.az\/en\/wp-json\/wp\/v2\/product_brand?post=10874"},{"taxonomy":"product_cat","embeddable":true,"href":"https:\/\/engitech.az\/en\/wp-json\/wp\/v2\/product_cat?post=10874"},{"taxonomy":"product_tag","embeddable":true,"href":"https:\/\/engitech.az\/en\/wp-json\/wp\/v2\/product_tag?post=10874"}],"curies":[{"name":"wp","href":"https:\/\/api.w.org\/{rel}","templated":true}]}}