{"id":10876,"date":"2026-02-12T06:42:08","date_gmt":"2026-02-12T06:42:08","guid":{"rendered":"https:\/\/engitech.az\/?post_type=product&#038;p=10876"},"modified":"2026-02-12T06:42:08","modified_gmt":"2026-02-12T06:42:08","slug":"fdme221-switching-unit-with-direct-alarm-actuation","status":"publish","type":"product","link":"https:\/\/engitech.az\/en\/product\/fdme221-switching-unit-with-direct-alarm-actuation\/","title":{"rendered":"FDME221 Switching unit with direct alarm actuation"},"content":{"rendered":"<p>\u2022 <strong data-start=\"2\" data-end=\"12\">Model:<\/strong> FDME221<br data-start=\"20\" data-end=\"23\" \/>\u2022 <strong data-start=\"25\" data-end=\"33\">Type:<\/strong> Ke\u00e7id bloku (alarm aktivl\u0259\u015fdirm\u0259)<br data-start=\"67\" data-end=\"70\" \/>\u2022 <strong data-start=\"72\" data-end=\"85\">Function:<\/strong> Birba\u015fa yan\u011f\u0131n alarm\u0131n\u0131 i\u015f\u0259 sal\u0131r<br data-start=\"119\" data-end=\"122\" \/>\u2022 <strong data-start=\"124\" data-end=\"137\">Usage:<\/strong> Yan\u011f\u0131n siqnalizasiya sisteml\u0259ri<\/p>","protected":false},"excerpt":{"rendered":"<p>\u2022 Model: FDME221\u2022 Tip: Ke\u00e7id bloku (alarm aktivl\u0259\u015fdirm\u0259)\u2022 Funksiya: Birba\u015fa  [&#8230;]<\/p>","protected":false},"featured_media":10877,"comment_status":"open","ping_status":"closed","template":"","meta":[],"product_brand":[],"product_cat":[335],"product_tag":[],"class_list":{"0":"post-10876","1":"product","2":"type-product","3":"status-publish","4":"has-post-thumbnail","6":"product_cat-siemens","7":"pa_mehsul-tipi-manual-call-points","9":"first","10":"instock","11":"sold-individually","12":"shipping-taxable","13":"purchasable","14":"product-type-simple"},"_links":{"self":[{"href":"https:\/\/engitech.az\/en\/wp-json\/wp\/v2\/product\/10876","targetHints":{"allow":["GET"]}}],"collection":[{"href":"https:\/\/engitech.az\/en\/wp-json\/wp\/v2\/product"}],"about":[{"href":"https:\/\/engitech.az\/en\/wp-json\/wp\/v2\/types\/product"}],"replies":[{"embeddable":true,"href":"https:\/\/engitech.az\/en\/wp-json\/wp\/v2\/comments?post=10876"}],"wp:featuredmedia":[{"embeddable":true,"href":"https:\/\/engitech.az\/en\/wp-json\/wp\/v2\/media\/10877"}],"wp:attachment":[{"href":"https:\/\/engitech.az\/en\/wp-json\/wp\/v2\/media?parent=10876"}],"wp:term":[{"taxonomy":"product_brand","embeddable":true,"href":"https:\/\/engitech.az\/en\/wp-json\/wp\/v2\/product_brand?post=10876"},{"taxonomy":"product_cat","embeddable":true,"href":"https:\/\/engitech.az\/en\/wp-json\/wp\/v2\/product_cat?post=10876"},{"taxonomy":"product_tag","embeddable":true,"href":"https:\/\/engitech.az\/en\/wp-json\/wp\/v2\/product_tag?post=10876"}],"curies":[{"name":"wp","href":"https:\/\/api.w.org\/{rel}","templated":true}]}}