{"id":10878,"date":"2026-02-12T06:43:26","date_gmt":"2026-02-12T06:43:26","guid":{"rendered":"https:\/\/engitech.az\/?post_type=product&#038;p=10878"},"modified":"2026-02-12T06:43:26","modified_gmt":"2026-02-12T06:43:26","slug":"fdmh291-r-housing-red-with-key","status":"publish","type":"product","link":"https:\/\/engitech.az\/en\/product\/fdmh291-r-housing-red-with-key\/","title":{"rendered":"FDMH291-R Housing red with key"},"content":{"rendered":"<p>\u2022 <strong data-start=\"2\" data-end=\"12\">Model:<\/strong> <strong data-start=\"13\" data-end=\"26\">FDMH291-R<\/strong><br data-start=\"26\" data-end=\"29\" data-is-only-node=\"\" \/>\u2022 <strong data-start=\"31\" data-end=\"39\">Type:<\/strong> <strong data-start=\"40\" data-end=\"58\">Housing \/ case<\/strong> (q\u0131rm\u0131z\u0131 korpus)<br data-start=\"75\" data-end=\"78\" \/>\u2022 <strong data-start=\"80\" data-end=\"93\">Function:<\/strong> Manual \u00e7a\u011f\u0131r\u0131\u015f n\u00f6qt\u0259si v\u0259 ya siqnal cihaz\u0131 \u00fc\u00e7\u00fcn <strong data-start=\"142\" data-end=\"160\">q\u0131rm\u0131z\u0131 korpus<\/strong><br data-start=\"160\" data-end=\"163\" \/>\u2022 <strong data-start=\"165\" data-end=\"180\">Feature:<\/strong> A\u00e7ar il\u0259 kilidl\u0259n\u0259 bil\u0259n<\/p>","protected":false},"excerpt":{"rendered":"<p>\u2022 Model: FDMH291-R\u2022 Tip: Housing \/ case (q\u0131rm\u0131z\u0131 korpus)\u2022 Funksiya:  [&#8230;]<\/p>","protected":false},"featured_media":10879,"comment_status":"open","ping_status":"closed","template":"","meta":[],"product_brand":[],"product_cat":[335],"product_tag":[],"class_list":{"0":"post-10878","1":"product","2":"type-product","3":"status-publish","4":"has-post-thumbnail","6":"product_cat-siemens","7":"pa_mehsul-tipi-manual-call-points","9":"first","10":"instock","11":"sold-individually","12":"shipping-taxable","13":"purchasable","14":"product-type-simple"},"_links":{"self":[{"href":"https:\/\/engitech.az\/en\/wp-json\/wp\/v2\/product\/10878","targetHints":{"allow":["GET"]}}],"collection":[{"href":"https:\/\/engitech.az\/en\/wp-json\/wp\/v2\/product"}],"about":[{"href":"https:\/\/engitech.az\/en\/wp-json\/wp\/v2\/types\/product"}],"replies":[{"embeddable":true,"href":"https:\/\/engitech.az\/en\/wp-json\/wp\/v2\/comments?post=10878"}],"wp:featuredmedia":[{"embeddable":true,"href":"https:\/\/engitech.az\/en\/wp-json\/wp\/v2\/media\/10879"}],"wp:attachment":[{"href":"https:\/\/engitech.az\/en\/wp-json\/wp\/v2\/media?parent=10878"}],"wp:term":[{"taxonomy":"product_brand","embeddable":true,"href":"https:\/\/engitech.az\/en\/wp-json\/wp\/v2\/product_brand?post=10878"},{"taxonomy":"product_cat","embeddable":true,"href":"https:\/\/engitech.az\/en\/wp-json\/wp\/v2\/product_cat?post=10878"},{"taxonomy":"product_tag","embeddable":true,"href":"https:\/\/engitech.az\/en\/wp-json\/wp\/v2\/product_tag?post=10878"}],"curies":[{"name":"wp","href":"https:\/\/api.w.org\/{rel}","templated":true}]}}