{"id":10880,"date":"2026-02-12T06:44:50","date_gmt":"2026-02-12T06:44:50","guid":{"rendered":"https:\/\/engitech.az\/?post_type=product&#038;p=10880"},"modified":"2026-02-12T06:44:50","modified_gmt":"2026-02-12T06:44:50","slug":"fdmh291-y-housing-yellow-with-key","status":"publish","type":"product","link":"https:\/\/engitech.az\/en\/product\/fdmh291-y-housing-yellow-with-key\/","title":{"rendered":"FDMH291-Y Housing yellow with key"},"content":{"rendered":"<p>\u2022 <strong data-start=\"2\" data-end=\"12\">Model:<\/strong> <strong data-start=\"13\" data-end=\"26\">FDMH291-Y<\/strong><br data-start=\"26\" data-end=\"29\" \/>\u2022 <strong data-start=\"31\" data-end=\"39\">Type:<\/strong> Housing (korpus)<br data-start=\"56\" data-end=\"59\" \/>\u2022 <strong data-start=\"61\" data-end=\"74\">Function:<\/strong> <strong data-start=\"75\" data-end=\"83\">Sar\u0131<\/strong> korpus \u2014 a\u00e7arl\u0131 montaj<br data-start=\"106\" data-end=\"109\" \/>\u2022 <strong data-start=\"111\" data-end=\"124\">Usage:<\/strong> Manual \u00e7a\u011f\u0131r\u0131\u015f n\u00f6qt\u0259l\u0259ri v\u0259 siqnal cihazlar\u0131 \u00fc\u00e7\u00fcn<\/p>","protected":false},"excerpt":{"rendered":"<p>\u2022 Model: FDMH291-Y\u2022 Tip: Housing (korpus)\u2022 Funksiya: Sar\u0131 korpus \u2014  [&#8230;]<\/p>","protected":false},"featured_media":10881,"comment_status":"open","ping_status":"closed","template":"","meta":[],"product_brand":[],"product_cat":[335],"product_tag":[],"class_list":{"0":"post-10880","1":"product","2":"type-product","3":"status-publish","4":"has-post-thumbnail","6":"product_cat-siemens","7":"pa_mehsul-tipi-manual-call-points","9":"first","10":"instock","11":"sold-individually","12":"shipping-taxable","13":"purchasable","14":"product-type-simple"},"_links":{"self":[{"href":"https:\/\/engitech.az\/en\/wp-json\/wp\/v2\/product\/10880","targetHints":{"allow":["GET"]}}],"collection":[{"href":"https:\/\/engitech.az\/en\/wp-json\/wp\/v2\/product"}],"about":[{"href":"https:\/\/engitech.az\/en\/wp-json\/wp\/v2\/types\/product"}],"replies":[{"embeddable":true,"href":"https:\/\/engitech.az\/en\/wp-json\/wp\/v2\/comments?post=10880"}],"wp:featuredmedia":[{"embeddable":true,"href":"https:\/\/engitech.az\/en\/wp-json\/wp\/v2\/media\/10881"}],"wp:attachment":[{"href":"https:\/\/engitech.az\/en\/wp-json\/wp\/v2\/media?parent=10880"}],"wp:term":[{"taxonomy":"product_brand","embeddable":true,"href":"https:\/\/engitech.az\/en\/wp-json\/wp\/v2\/product_brand?post=10880"},{"taxonomy":"product_cat","embeddable":true,"href":"https:\/\/engitech.az\/en\/wp-json\/wp\/v2\/product_cat?post=10880"},{"taxonomy":"product_tag","embeddable":true,"href":"https:\/\/engitech.az\/en\/wp-json\/wp\/v2\/product_tag?post=10880"}],"curies":[{"name":"wp","href":"https:\/\/api.w.org\/{rel}","templated":true}]}}