{"id":10882,"date":"2026-02-12T06:47:01","date_gmt":"2026-02-12T06:47:01","guid":{"rendered":"https:\/\/engitech.az\/?post_type=product&#038;p=10882"},"modified":"2026-02-12T06:47:01","modified_gmt":"2026-02-12T06:47:01","slug":"fdmh291-g-housing-green-with-key","status":"publish","type":"product","link":"https:\/\/engitech.az\/en\/product\/fdmh291-g-housing-green-with-key\/","title":{"rendered":"FDMH291-G Housing green with key"},"content":{"rendered":"<p>\u2022 <strong data-start=\"2\" data-end=\"12\">Model:<\/strong> <strong data-start=\"13\" data-end=\"26\">FDMH291-G<\/strong><br data-start=\"26\" data-end=\"29\" \/>\u2022 <strong data-start=\"31\" data-end=\"39\">Type:<\/strong> Housing (korpus)<br data-start=\"56\" data-end=\"59\" \/>\u2022 <strong data-start=\"61\" data-end=\"76\">Feature:<\/strong> <strong data-start=\"77\" data-end=\"86\">Ya\u015f\u0131l<\/strong> korpus, a\u00e7arla kilidl\u0259n\u0259 bil\u0259r<br data-start=\"117\" data-end=\"120\" \/>\u2022 <strong data-start=\"122\" data-end=\"135\">Usage:<\/strong> Manual \u00e7a\u011f\u0131r\u0131\u015f n\u00f6qt\u0259l\u0259ri v\u0259 siqnal cihazlar\u0131 \u00fc\u00e7\u00fcn<\/p>","protected":false},"excerpt":{"rendered":"<p>\u2022 Model: FDMH291-G\u2022 Tip: Housing (korpus)\u2022 X\u00fcsusiyy\u0259t: Ya\u015f\u0131l korpus, a\u00e7arla  [&#8230;]<\/p>","protected":false},"featured_media":10883,"comment_status":"open","ping_status":"closed","template":"","meta":[],"product_brand":[],"product_cat":[335],"product_tag":[],"class_list":{"0":"post-10882","1":"product","2":"type-product","3":"status-publish","4":"has-post-thumbnail","6":"product_cat-siemens","7":"pa_mehsul-tipi-manual-call-points","9":"first","10":"instock","11":"sold-individually","12":"shipping-taxable","13":"purchasable","14":"product-type-simple"},"_links":{"self":[{"href":"https:\/\/engitech.az\/en\/wp-json\/wp\/v2\/product\/10882","targetHints":{"allow":["GET"]}}],"collection":[{"href":"https:\/\/engitech.az\/en\/wp-json\/wp\/v2\/product"}],"about":[{"href":"https:\/\/engitech.az\/en\/wp-json\/wp\/v2\/types\/product"}],"replies":[{"embeddable":true,"href":"https:\/\/engitech.az\/en\/wp-json\/wp\/v2\/comments?post=10882"}],"wp:featuredmedia":[{"embeddable":true,"href":"https:\/\/engitech.az\/en\/wp-json\/wp\/v2\/media\/10883"}],"wp:attachment":[{"href":"https:\/\/engitech.az\/en\/wp-json\/wp\/v2\/media?parent=10882"}],"wp:term":[{"taxonomy":"product_brand","embeddable":true,"href":"https:\/\/engitech.az\/en\/wp-json\/wp\/v2\/product_brand?post=10882"},{"taxonomy":"product_cat","embeddable":true,"href":"https:\/\/engitech.az\/en\/wp-json\/wp\/v2\/product_cat?post=10882"},{"taxonomy":"product_tag","embeddable":true,"href":"https:\/\/engitech.az\/en\/wp-json\/wp\/v2\/product_tag?post=10882"}],"curies":[{"name":"wp","href":"https:\/\/api.w.org\/{rel}","templated":true}]}}