{"id":10886,"date":"2026-02-12T06:50:08","date_gmt":"2026-02-12T06:50:08","guid":{"rendered":"https:\/\/engitech.az\/?post_type=product&#038;p=10886"},"modified":"2026-02-12T06:50:08","modified_gmt":"2026-02-12T06:50:08","slug":"fdme223","status":"publish","type":"product","link":"https:\/\/engitech.az\/en\/product\/fdme223\/","title":{"rendered":"FDME223"},"content":{"rendered":"<p>\u2022 <strong data-start=\"2\" data-end=\"12\">Model:<\/strong> <strong data-start=\"13\" data-end=\"24\">FDME223<\/strong><br data-start=\"24\" data-end=\"27\" \/>\u2022 <strong data-start=\"29\" data-end=\"37\">Type:<\/strong> Ke\u00e7id\/blok vahidi (switching unit)<br data-start=\"72\" data-end=\"75\" \/>\u2022 <strong data-start=\"77\" data-end=\"90\">Function:<\/strong> Elektrik siqnallar\u0131n\u0131 <strong data-start=\"113\" data-end=\"143\">sistemd\u0259 ke\u00e7id v\u0259 bloklama<\/strong> for<br data-start=\"148\" data-end=\"151\" \/>\u2022 <strong data-start=\"153\" data-end=\"166\">Usage:<\/strong> Yan\u011f\u0131n siqnalizasiya sisteml\u0259rind\u0259 ba\u011flant\u0131 v\u0259 n\u0259zar\u0259t \u00fc\u00e7\u00fcn<\/p>","protected":false},"excerpt":{"rendered":"<p>\u2022 Model: FDME223\u2022 Tip: Ke\u00e7id\/blok vahidi (switching unit)\u2022 Funksiya: Elektrik  [&#8230;]<\/p>","protected":false},"featured_media":10887,"comment_status":"open","ping_status":"closed","template":"","meta":[],"product_brand":[],"product_cat":[335],"product_tag":[],"class_list":{"0":"post-10886","1":"product","2":"type-product","3":"status-publish","4":"has-post-thumbnail","6":"product_cat-siemens","7":"pa_mehsul-tipi-manual-call-points","9":"first","10":"instock","11":"sold-individually","12":"shipping-taxable","13":"purchasable","14":"product-type-simple"},"_links":{"self":[{"href":"https:\/\/engitech.az\/en\/wp-json\/wp\/v2\/product\/10886","targetHints":{"allow":["GET"]}}],"collection":[{"href":"https:\/\/engitech.az\/en\/wp-json\/wp\/v2\/product"}],"about":[{"href":"https:\/\/engitech.az\/en\/wp-json\/wp\/v2\/types\/product"}],"replies":[{"embeddable":true,"href":"https:\/\/engitech.az\/en\/wp-json\/wp\/v2\/comments?post=10886"}],"wp:featuredmedia":[{"embeddable":true,"href":"https:\/\/engitech.az\/en\/wp-json\/wp\/v2\/media\/10887"}],"wp:attachment":[{"href":"https:\/\/engitech.az\/en\/wp-json\/wp\/v2\/media?parent=10886"}],"wp:term":[{"taxonomy":"product_brand","embeddable":true,"href":"https:\/\/engitech.az\/en\/wp-json\/wp\/v2\/product_brand?post=10886"},{"taxonomy":"product_cat","embeddable":true,"href":"https:\/\/engitech.az\/en\/wp-json\/wp\/v2\/product_cat?post=10886"},{"taxonomy":"product_tag","embeddable":true,"href":"https:\/\/engitech.az\/en\/wp-json\/wp\/v2\/product_tag?post=10886"}],"curies":[{"name":"wp","href":"https:\/\/api.w.org\/{rel}","templated":true}]}}