{"id":10888,"date":"2026-02-12T06:52:21","date_gmt":"2026-02-12T06:52:21","guid":{"rendered":"https:\/\/engitech.az\/?post_type=product&#038;p=10888"},"modified":"2026-02-12T06:52:21","modified_gmt":"2026-02-12T06:52:21","slug":"fdmh292-r-housing-red-heavy-duty","status":"publish","type":"product","link":"https:\/\/engitech.az\/en\/product\/fdmh292-r-housing-red-heavy-duty\/","title":{"rendered":"FDMH292-R Housing red &#8216;Heavy Duty&#8217;"},"content":{"rendered":"<p>\u2022 <strong data-start=\"2\" data-end=\"12\">Model:<\/strong> <strong data-start=\"13\" data-end=\"26\">FDMH292-R<\/strong><br data-start=\"26\" data-end=\"29\" \/>\u2022 <strong data-start=\"31\" data-end=\"39\">Type:<\/strong> \u201cHeavy Duty\u201d housing (korpus)<br data-start=\"69\" data-end=\"72\" \/>\u2022 <strong data-start=\"74\" data-end=\"89\">Feature:<\/strong> <strong data-start=\"90\" data-end=\"127\">Q\u0131rm\u0131z\u0131, m\u00f6hk\u0259ml\u0259ndirilmi\u015f korpus<\/strong><br data-start=\"127\" data-end=\"130\" \/>\u2022 <strong data-start=\"132\" data-end=\"145\">Usage:<\/strong> Siqnal\/yan\u011f\u0131n cihazlar\u0131 \u00fc\u00e7\u00fcn daha davaml\u0131 montaj korpusu<\/p>","protected":false},"excerpt":{"rendered":"<p>\u2022 Model: FDMH292-R\u2022 Tip: \u201cHeavy Duty\u201d housing (korpus)\u2022 X\u00fcsusiyy\u0259t: Q\u0131rm\u0131z\u0131,  [&#8230;]<\/p>","protected":false},"featured_media":10889,"comment_status":"open","ping_status":"closed","template":"","meta":[],"product_brand":[],"product_cat":[335],"product_tag":[],"class_list":{"0":"post-10888","1":"product","2":"type-product","3":"status-publish","4":"has-post-thumbnail","6":"product_cat-siemens","7":"pa_mehsul-tipi-manual-call-points","9":"first","10":"instock","11":"sold-individually","12":"shipping-taxable","13":"purchasable","14":"product-type-simple"},"_links":{"self":[{"href":"https:\/\/engitech.az\/en\/wp-json\/wp\/v2\/product\/10888","targetHints":{"allow":["GET"]}}],"collection":[{"href":"https:\/\/engitech.az\/en\/wp-json\/wp\/v2\/product"}],"about":[{"href":"https:\/\/engitech.az\/en\/wp-json\/wp\/v2\/types\/product"}],"replies":[{"embeddable":true,"href":"https:\/\/engitech.az\/en\/wp-json\/wp\/v2\/comments?post=10888"}],"wp:featuredmedia":[{"embeddable":true,"href":"https:\/\/engitech.az\/en\/wp-json\/wp\/v2\/media\/10889"}],"wp:attachment":[{"href":"https:\/\/engitech.az\/en\/wp-json\/wp\/v2\/media?parent=10888"}],"wp:term":[{"taxonomy":"product_brand","embeddable":true,"href":"https:\/\/engitech.az\/en\/wp-json\/wp\/v2\/product_brand?post=10888"},{"taxonomy":"product_cat","embeddable":true,"href":"https:\/\/engitech.az\/en\/wp-json\/wp\/v2\/product_cat?post=10888"},{"taxonomy":"product_tag","embeddable":true,"href":"https:\/\/engitech.az\/en\/wp-json\/wp\/v2\/product_tag?post=10888"}],"curies":[{"name":"wp","href":"https:\/\/api.w.org\/{rel}","templated":true}]}}