{"id":10892,"date":"2026-02-12T06:55:23","date_gmt":"2026-02-12T06:55:23","guid":{"rendered":"https:\/\/engitech.az\/?post_type=product&#038;p=10892"},"modified":"2026-02-12T06:55:31","modified_gmt":"2026-02-12T06:55:31","slug":"fdmh293-y-housing-yellow-with-glass-and-ke","status":"publish","type":"product","link":"https:\/\/engitech.az\/en\/product\/fdmh293-y-housing-yellow-with-glass-and-ke\/","title":{"rendered":"FDMH293-Y Housing yellow"},"content":{"rendered":"<p>\u2022 <strong data-start=\"2\" data-end=\"12\">Model:<\/strong> <strong data-start=\"13\" data-end=\"26\">FDMH293-Y<\/strong><br data-start=\"26\" data-end=\"29\" \/>\u2022 <strong data-start=\"31\" data-end=\"39\">Type:<\/strong> Housing (korpus)<br data-start=\"56\" data-end=\"59\" \/>\u2022 <strong data-start=\"61\" data-end=\"76\">Feature:<\/strong> <strong data-start=\"77\" data-end=\"85\">Sar\u0131<\/strong> korpus, <strong data-start=\"94\" data-end=\"118\">\u015f\u00fc\u015f\u0259 panel v\u0259 a\u00e7arla<\/strong> qorunur<br data-start=\"126\" data-end=\"129\" \/>\u2022 <strong data-start=\"131\" data-end=\"144\">Usage:<\/strong> Manual \u00e7a\u011f\u0131r\u0131\u015f n\u00f6qt\u0259si v\u0259 siqnal cihazlar\u0131 \u00fc\u00e7\u00fcn<\/p>","protected":false},"excerpt":{"rendered":"<p>\u2022 Model: FDMH293-Y\u2022 Tip: Housing (korpus)\u2022 X\u00fcsusiyy\u0259t: Sar\u0131 korpus, \u015f\u00fc\u015f\u0259  [&#8230;]<\/p>","protected":false},"featured_media":10893,"comment_status":"open","ping_status":"closed","template":"","meta":[],"product_brand":[],"product_cat":[335],"product_tag":[],"class_list":{"0":"post-10892","1":"product","2":"type-product","3":"status-publish","4":"has-post-thumbnail","6":"product_cat-siemens","7":"pa_mehsul-tipi-manual-call-points","9":"first","10":"instock","11":"sold-individually","12":"shipping-taxable","13":"purchasable","14":"product-type-simple"},"_links":{"self":[{"href":"https:\/\/engitech.az\/en\/wp-json\/wp\/v2\/product\/10892","targetHints":{"allow":["GET"]}}],"collection":[{"href":"https:\/\/engitech.az\/en\/wp-json\/wp\/v2\/product"}],"about":[{"href":"https:\/\/engitech.az\/en\/wp-json\/wp\/v2\/types\/product"}],"replies":[{"embeddable":true,"href":"https:\/\/engitech.az\/en\/wp-json\/wp\/v2\/comments?post=10892"}],"wp:featuredmedia":[{"embeddable":true,"href":"https:\/\/engitech.az\/en\/wp-json\/wp\/v2\/media\/10893"}],"wp:attachment":[{"href":"https:\/\/engitech.az\/en\/wp-json\/wp\/v2\/media?parent=10892"}],"wp:term":[{"taxonomy":"product_brand","embeddable":true,"href":"https:\/\/engitech.az\/en\/wp-json\/wp\/v2\/product_brand?post=10892"},{"taxonomy":"product_cat","embeddable":true,"href":"https:\/\/engitech.az\/en\/wp-json\/wp\/v2\/product_cat?post=10892"},{"taxonomy":"product_tag","embeddable":true,"href":"https:\/\/engitech.az\/en\/wp-json\/wp\/v2\/product_tag?post=10892"}],"curies":[{"name":"wp","href":"https:\/\/api.w.org\/{rel}","templated":true}]}}