{"id":10907,"date":"2026-02-12T07:07:51","date_gmt":"2026-02-12T07:07:51","guid":{"rendered":"https:\/\/engitech.az\/?post_type=product&#038;p=10907"},"modified":"2026-02-12T07:07:51","modified_gmt":"2026-02-12T07:07:51","slug":"fdcio221-input-output-module","status":"publish","type":"product","link":"https:\/\/engitech.az\/en\/product\/fdcio221-input-output-module\/","title":{"rendered":"FDCIO221 Input\/output module"},"content":{"rendered":"<p>\u2022 <strong data-start=\"2\" data-end=\"12\">Model:<\/strong> FDCIO221<br data-start=\"21\" data-end=\"24\" \/>\u2022 <strong data-start=\"26\" data-end=\"34\">Type:<\/strong> Giri\u015f\/\u00e7\u0131x\u0131\u015f modulu<br data-start=\"53\" data-end=\"56\" \/>\u2022 <strong data-start=\"58\" data-end=\"71\">Usage:<\/strong> Yan\u011f\u0131n siqnalizasiya sisteml\u0259ri<\/p>","protected":false},"excerpt":{"rendered":"<p>\u2022 Model: FDCIO221\u2022 Tip: Giri\u015f\/\u00e7\u0131x\u0131\u015f modulu\u2022 \u0130stifad\u0259: Yan\u011f\u0131n siqnalizasiya sisteml\u0259ri<\/p>","protected":false},"featured_media":10908,"comment_status":"open","ping_status":"closed","template":"","meta":[],"product_brand":[],"product_cat":[335],"product_tag":[],"class_list":{"0":"post-10907","1":"product","2":"type-product","3":"status-publish","4":"has-post-thumbnail","6":"product_cat-siemens","7":"pa_mehsul-tipi-modules","9":"first","10":"instock","11":"sold-individually","12":"shipping-taxable","13":"purchasable","14":"product-type-simple"},"_links":{"self":[{"href":"https:\/\/engitech.az\/en\/wp-json\/wp\/v2\/product\/10907","targetHints":{"allow":["GET"]}}],"collection":[{"href":"https:\/\/engitech.az\/en\/wp-json\/wp\/v2\/product"}],"about":[{"href":"https:\/\/engitech.az\/en\/wp-json\/wp\/v2\/types\/product"}],"replies":[{"embeddable":true,"href":"https:\/\/engitech.az\/en\/wp-json\/wp\/v2\/comments?post=10907"}],"wp:featuredmedia":[{"embeddable":true,"href":"https:\/\/engitech.az\/en\/wp-json\/wp\/v2\/media\/10908"}],"wp:attachment":[{"href":"https:\/\/engitech.az\/en\/wp-json\/wp\/v2\/media?parent=10907"}],"wp:term":[{"taxonomy":"product_brand","embeddable":true,"href":"https:\/\/engitech.az\/en\/wp-json\/wp\/v2\/product_brand?post=10907"},{"taxonomy":"product_cat","embeddable":true,"href":"https:\/\/engitech.az\/en\/wp-json\/wp\/v2\/product_cat?post=10907"},{"taxonomy":"product_tag","embeddable":true,"href":"https:\/\/engitech.az\/en\/wp-json\/wp\/v2\/product_tag?post=10907"}],"curies":[{"name":"wp","href":"https:\/\/api.w.org\/{rel}","templated":true}]}}