{"id":10909,"date":"2026-02-12T07:09:18","date_gmt":"2026-02-12T07:09:18","guid":{"rendered":"https:\/\/engitech.az\/?post_type=product&#038;p=10909"},"modified":"2026-02-12T07:09:18","modified_gmt":"2026-02-12T07:09:18","slug":"fdcl221-line-separator","status":"publish","type":"product","link":"https:\/\/engitech.az\/en\/product\/fdcl221-line-separator\/","title":{"rendered":"FDCL221 Line separator"},"content":{"rendered":"<p>\u2022 <strong data-start=\"2\" data-end=\"12\">Model:<\/strong> FDCL221<br data-start=\"20\" data-end=\"23\" \/>\u2022 <strong data-start=\"25\" data-end=\"33\">Type:<\/strong> X\u0259tt ay\u0131r\u0131c\u0131 (Line separator)<br data-start=\"63\" data-end=\"66\" \/>\u2022 <strong data-start=\"68\" data-end=\"81\">Usage:<\/strong> Yan\u011f\u0131n siqnalizasiya sisteml\u0259ri<\/p>","protected":false},"excerpt":{"rendered":"<p>\u2022 Model: FDCL221\u2022 Tip: X\u0259tt ay\u0131r\u0131c\u0131 (Line separator)\u2022 \u0130stifad\u0259: Yan\u011f\u0131n  [&#8230;]<\/p>","protected":false},"featured_media":10910,"comment_status":"open","ping_status":"closed","template":"","meta":[],"product_brand":[],"product_cat":[335],"product_tag":[],"class_list":{"0":"post-10909","1":"product","2":"type-product","3":"status-publish","4":"has-post-thumbnail","6":"product_cat-siemens","7":"pa_mehsul-tipi-modules","9":"first","10":"instock","11":"sold-individually","12":"shipping-taxable","13":"purchasable","14":"product-type-simple"},"_links":{"self":[{"href":"https:\/\/engitech.az\/en\/wp-json\/wp\/v2\/product\/10909","targetHints":{"allow":["GET"]}}],"collection":[{"href":"https:\/\/engitech.az\/en\/wp-json\/wp\/v2\/product"}],"about":[{"href":"https:\/\/engitech.az\/en\/wp-json\/wp\/v2\/types\/product"}],"replies":[{"embeddable":true,"href":"https:\/\/engitech.az\/en\/wp-json\/wp\/v2\/comments?post=10909"}],"wp:featuredmedia":[{"embeddable":true,"href":"https:\/\/engitech.az\/en\/wp-json\/wp\/v2\/media\/10910"}],"wp:attachment":[{"href":"https:\/\/engitech.az\/en\/wp-json\/wp\/v2\/media?parent=10909"}],"wp:term":[{"taxonomy":"product_brand","embeddable":true,"href":"https:\/\/engitech.az\/en\/wp-json\/wp\/v2\/product_brand?post=10909"},{"taxonomy":"product_cat","embeddable":true,"href":"https:\/\/engitech.az\/en\/wp-json\/wp\/v2\/product_cat?post=10909"},{"taxonomy":"product_tag","embeddable":true,"href":"https:\/\/engitech.az\/en\/wp-json\/wp\/v2\/product_tag?post=10909"}],"curies":[{"name":"wp","href":"https:\/\/api.w.org\/{rel}","templated":true}]}}