{"id":10915,"date":"2026-02-12T07:14:01","date_gmt":"2026-02-12T07:14:01","guid":{"rendered":"https:\/\/engitech.az\/?post_type=product&#038;p=10915"},"modified":"2026-02-12T07:14:01","modified_gmt":"2026-02-12T07:14:01","slug":"fdcl221-m-multi-line-separator-module","status":"publish","type":"product","link":"https:\/\/engitech.az\/en\/product\/fdcl221-m-multi-line-separator-module\/","title":{"rendered":"FDCL221-M Multi-line separator module"},"content":{"rendered":"<p>\u2022 <strong data-start=\"2\" data-end=\"12\">Model:<\/strong> FDCL221-M<br data-start=\"22\" data-end=\"25\" \/>\u2022 <strong data-start=\"27\" data-end=\"35\">Type:<\/strong> \u00c7oxx\u0259tli ay\u0131r\u0131c\u0131 modul (Multi-line separator)<br data-start=\"81\" data-end=\"84\" \/>\u2022 <strong data-start=\"86\" data-end=\"99\">Usage:<\/strong> Yan\u011f\u0131n siqnalizasiya sisteml\u0259ri<\/p>","protected":false},"excerpt":{"rendered":"<p>\u2022 Model: FDCL221-M\u2022 Tip: \u00c7oxx\u0259tli ay\u0131r\u0131c\u0131 modul (Multi-line separator)\u2022 \u0130stifad\u0259:  [&#8230;]<\/p>","protected":false},"featured_media":10916,"comment_status":"open","ping_status":"closed","template":"","meta":[],"product_brand":[],"product_cat":[335],"product_tag":[],"class_list":{"0":"post-10915","1":"product","2":"type-product","3":"status-publish","4":"has-post-thumbnail","6":"product_cat-siemens","7":"pa_mehsul-tipi-modules","9":"first","10":"instock","11":"sold-individually","12":"shipping-taxable","13":"purchasable","14":"product-type-simple"},"_links":{"self":[{"href":"https:\/\/engitech.az\/en\/wp-json\/wp\/v2\/product\/10915","targetHints":{"allow":["GET"]}}],"collection":[{"href":"https:\/\/engitech.az\/en\/wp-json\/wp\/v2\/product"}],"about":[{"href":"https:\/\/engitech.az\/en\/wp-json\/wp\/v2\/types\/product"}],"replies":[{"embeddable":true,"href":"https:\/\/engitech.az\/en\/wp-json\/wp\/v2\/comments?post=10915"}],"wp:featuredmedia":[{"embeddable":true,"href":"https:\/\/engitech.az\/en\/wp-json\/wp\/v2\/media\/10916"}],"wp:attachment":[{"href":"https:\/\/engitech.az\/en\/wp-json\/wp\/v2\/media?parent=10915"}],"wp:term":[{"taxonomy":"product_brand","embeddable":true,"href":"https:\/\/engitech.az\/en\/wp-json\/wp\/v2\/product_brand?post=10915"},{"taxonomy":"product_cat","embeddable":true,"href":"https:\/\/engitech.az\/en\/wp-json\/wp\/v2\/product_cat?post=10915"},{"taxonomy":"product_tag","embeddable":true,"href":"https:\/\/engitech.az\/en\/wp-json\/wp\/v2\/product_tag?post=10915"}],"curies":[{"name":"wp","href":"https:\/\/api.w.org\/{rel}","templated":true}]}}