{"id":10943,"date":"2026-02-12T07:31:36","date_gmt":"2026-02-12T07:31:36","guid":{"rendered":"https:\/\/engitech.az\/?post_type=product&#038;p=10943"},"modified":"2026-02-12T07:31:36","modified_gmt":"2026-02-12T07:31:36","slug":"fdai91-alarm-indicator-door-frame","status":"publish","type":"product","link":"https:\/\/engitech.az\/en\/product\/fdai91-alarm-indicator-door-frame\/","title":{"rendered":"FDAI91 Alarm indicator &#8211; Door frame"},"content":{"rendered":"<p>\u2022 <strong data-start=\"2\" data-end=\"12\">Model:<\/strong> FDAI91<br data-start=\"19\" data-end=\"22\" \/>\u2022 <strong data-start=\"24\" data-end=\"32\">Type:<\/strong> Alarm indikatoru (qap\u0131 \u00e7\u0259r\u00e7iv\u0259si \u00fc\u00e7\u00fcn)<br data-start=\"71\" data-end=\"74\" \/>\u2022 <strong data-start=\"76\" data-end=\"89\">Usage:<\/strong> Yan\u011f\u0131n siqnalizasiya sisteml\u0259ri<\/p>","protected":false},"excerpt":{"rendered":"<p>\u2022 Model: FDAI91\u2022 Tip: Alarm indikatoru (qap\u0131 \u00e7\u0259r\u00e7iv\u0259si \u00fc\u00e7\u00fcn)\u2022 \u0130stifad\u0259:  [&#8230;]<\/p>","protected":false},"featured_media":10944,"comment_status":"open","ping_status":"closed","template":"","meta":[],"product_brand":[],"product_cat":[335],"product_tag":[],"class_list":{"0":"post-10943","1":"product","2":"type-product","3":"status-publish","4":"has-post-thumbnail","6":"product_cat-siemens","7":"pa_mehsul-tipi-operating-and-indication-devices","9":"first","10":"instock","11":"sold-individually","12":"shipping-taxable","13":"purchasable","14":"product-type-simple"},"_links":{"self":[{"href":"https:\/\/engitech.az\/en\/wp-json\/wp\/v2\/product\/10943","targetHints":{"allow":["GET"]}}],"collection":[{"href":"https:\/\/engitech.az\/en\/wp-json\/wp\/v2\/product"}],"about":[{"href":"https:\/\/engitech.az\/en\/wp-json\/wp\/v2\/types\/product"}],"replies":[{"embeddable":true,"href":"https:\/\/engitech.az\/en\/wp-json\/wp\/v2\/comments?post=10943"}],"wp:featuredmedia":[{"embeddable":true,"href":"https:\/\/engitech.az\/en\/wp-json\/wp\/v2\/media\/10944"}],"wp:attachment":[{"href":"https:\/\/engitech.az\/en\/wp-json\/wp\/v2\/media?parent=10943"}],"wp:term":[{"taxonomy":"product_brand","embeddable":true,"href":"https:\/\/engitech.az\/en\/wp-json\/wp\/v2\/product_brand?post=10943"},{"taxonomy":"product_cat","embeddable":true,"href":"https:\/\/engitech.az\/en\/wp-json\/wp\/v2\/product_cat?post=10943"},{"taxonomy":"product_tag","embeddable":true,"href":"https:\/\/engitech.az\/en\/wp-json\/wp\/v2\/product_tag?post=10943"}],"curies":[{"name":"wp","href":"https:\/\/api.w.org\/{rel}","templated":true}]}}