{"id":10945,"date":"2026-02-12T07:33:23","date_gmt":"2026-02-12T07:33:23","guid":{"rendered":"https:\/\/engitech.az\/?post_type=product&#038;p=10945"},"modified":"2026-02-12T07:33:23","modified_gmt":"2026-02-12T07:33:23","slug":"ft2001-a1-mimic-display-driver","status":"publish","type":"product","link":"https:\/\/engitech.az\/en\/product\/ft2001-a1-mimic-display-driver\/","title":{"rendered":"FT2001-A1 Mimic display driver"},"content":{"rendered":"<p>\u2022 <strong data-start=\"2\" data-end=\"12\">Model:<\/strong> FT2001-A1<br data-start=\"22\" data-end=\"25\" \/>\u2022 <strong data-start=\"27\" data-end=\"35\">Type:<\/strong> Mimic displey s\u00fcr\u00fcc\u00fcs\u00fc<br data-start=\"58\" data-end=\"61\" \/>\u2022 <strong data-start=\"63\" data-end=\"76\">Usage:<\/strong> Yan\u011f\u0131n siqnalizasiya sisteml\u0259ri<\/p>","protected":false},"excerpt":{"rendered":"<p>\u2022 Model: FT2001-A1\u2022 Tip: Mimic displey s\u00fcr\u00fcc\u00fcs\u00fc\u2022 \u0130stifad\u0259: Yan\u011f\u0131n siqnalizasiya  [&#8230;]<\/p>","protected":false},"featured_media":10946,"comment_status":"open","ping_status":"closed","template":"","meta":[],"product_brand":[],"product_cat":[335],"product_tag":[],"class_list":{"0":"post-10945","1":"product","2":"type-product","3":"status-publish","4":"has-post-thumbnail","6":"product_cat-siemens","7":"pa_mehsul-tipi-operating-and-indication-devices","9":"first","10":"instock","11":"sold-individually","12":"shipping-taxable","13":"purchasable","14":"product-type-simple"},"_links":{"self":[{"href":"https:\/\/engitech.az\/en\/wp-json\/wp\/v2\/product\/10945","targetHints":{"allow":["GET"]}}],"collection":[{"href":"https:\/\/engitech.az\/en\/wp-json\/wp\/v2\/product"}],"about":[{"href":"https:\/\/engitech.az\/en\/wp-json\/wp\/v2\/types\/product"}],"replies":[{"embeddable":true,"href":"https:\/\/engitech.az\/en\/wp-json\/wp\/v2\/comments?post=10945"}],"wp:featuredmedia":[{"embeddable":true,"href":"https:\/\/engitech.az\/en\/wp-json\/wp\/v2\/media\/10946"}],"wp:attachment":[{"href":"https:\/\/engitech.az\/en\/wp-json\/wp\/v2\/media?parent=10945"}],"wp:term":[{"taxonomy":"product_brand","embeddable":true,"href":"https:\/\/engitech.az\/en\/wp-json\/wp\/v2\/product_brand?post=10945"},{"taxonomy":"product_cat","embeddable":true,"href":"https:\/\/engitech.az\/en\/wp-json\/wp\/v2\/product_cat?post=10945"},{"taxonomy":"product_tag","embeddable":true,"href":"https:\/\/engitech.az\/en\/wp-json\/wp\/v2\/product_tag?post=10945"}],"curies":[{"name":"wp","href":"https:\/\/api.w.org\/{rel}","templated":true}]}}