{"id":10971,"date":"2026-02-12T12:02:54","date_gmt":"2026-02-12T12:02:54","guid":{"rendered":"https:\/\/engitech.az\/?post_type=product&#038;p=10971"},"modified":"2026-02-12T12:02:55","modified_gmt":"2026-02-12T12:02:55","slug":"kx-tgu432","status":"publish","type":"product","link":"https:\/\/engitech.az\/en\/product\/kx-tgu432\/","title":{"rendered":"KX-TGU432"},"content":{"rendered":"<p>\u2022 <strong data-start=\"2\" data-end=\"12\">Model:<\/strong> KX-TGU432<br data-start=\"22\" data-end=\"25\" \/>\u2022 <strong data-start=\"27\" data-end=\"35\">Type:<\/strong> Simsiz DECT telefon<br data-start=\"55\" data-end=\"58\" \/>\u2022 <strong data-start=\"60\" data-end=\"75\">Feature:<\/strong> B\u00f6y\u00fck d\u00fcym\u0259l\u0259r, cavabverici<br data-start=\"103\" data-end=\"106\" \/>\u2022 <strong data-start=\"108\" data-end=\"121\">Usage:<\/strong> Ev v\u0259 ofis \u00fc\u00e7\u00fcn<\/p>","protected":false},"excerpt":{"rendered":"<p>\u2022 Model: KX-TGU432\u2022 Tip: Simsiz DECT telefon\u2022 X\u00fcsusiyy\u0259t: B\u00f6y\u00fck d\u00fcym\u0259l\u0259r,  [&#8230;]<\/p>","protected":false},"featured_media":10972,"comment_status":"open","ping_status":"closed","template":"","meta":[],"product_brand":[],"product_cat":[337],"product_tag":[],"class_list":{"0":"post-10971","1":"product","2":"type-product","3":"status-publish","4":"has-post-thumbnail","6":"product_cat-panasonic","7":"pa_mehsul-tipi-home-phones","9":"first","10":"instock","11":"sold-individually","12":"shipping-taxable","13":"purchasable","14":"product-type-simple"},"_links":{"self":[{"href":"https:\/\/engitech.az\/en\/wp-json\/wp\/v2\/product\/10971","targetHints":{"allow":["GET"]}}],"collection":[{"href":"https:\/\/engitech.az\/en\/wp-json\/wp\/v2\/product"}],"about":[{"href":"https:\/\/engitech.az\/en\/wp-json\/wp\/v2\/types\/product"}],"replies":[{"embeddable":true,"href":"https:\/\/engitech.az\/en\/wp-json\/wp\/v2\/comments?post=10971"}],"wp:featuredmedia":[{"embeddable":true,"href":"https:\/\/engitech.az\/en\/wp-json\/wp\/v2\/media\/10972"}],"wp:attachment":[{"href":"https:\/\/engitech.az\/en\/wp-json\/wp\/v2\/media?parent=10971"}],"wp:term":[{"taxonomy":"product_brand","embeddable":true,"href":"https:\/\/engitech.az\/en\/wp-json\/wp\/v2\/product_brand?post=10971"},{"taxonomy":"product_cat","embeddable":true,"href":"https:\/\/engitech.az\/en\/wp-json\/wp\/v2\/product_cat?post=10971"},{"taxonomy":"product_tag","embeddable":true,"href":"https:\/\/engitech.az\/en\/wp-json\/wp\/v2\/product_tag?post=10971"}],"curies":[{"name":"wp","href":"https:\/\/api.w.org\/{rel}","templated":true}]}}