{"id":10979,"date":"2026-02-12T12:14:35","date_gmt":"2026-02-12T12:14:35","guid":{"rendered":"https:\/\/engitech.az\/?post_type=product&#038;p=10979"},"modified":"2026-02-12T12:14:35","modified_gmt":"2026-02-12T12:14:35","slug":"kx-tgc264e","status":"publish","type":"product","link":"https:\/\/engitech.az\/en\/product\/kx-tgc264e\/","title":{"rendered":"KX-TGC264E"},"content":{"rendered":"<p>\u2022 <strong data-start=\"2\" data-end=\"12\">Model:<\/strong> KX-TGC264E<br data-start=\"23\" data-end=\"26\" \/>\u2022 <strong data-start=\"28\" data-end=\"36\">Type:<\/strong> Simsiz DECT telefon<br data-start=\"56\" data-end=\"59\" \/>\u2022 <strong data-start=\"61\" data-end=\"76\">Feature:<\/strong> Cavabverici v\u0259 s\u0259s bloklama funksiyas\u0131<br data-start=\"115\" data-end=\"118\" \/>\u2022 <strong data-start=\"120\" data-end=\"133\">Usage:<\/strong> Ev v\u0259 ofis \u00fc\u00e7\u00fcn<\/p>","protected":false},"excerpt":{"rendered":"<p>\u2022 Model: KX-TGC264E\u2022 Tip: Simsiz DECT telefon\u2022 X\u00fcsusiyy\u0259t: Cavabverici v\u0259  [&#8230;]<\/p>","protected":false},"featured_media":10980,"comment_status":"open","ping_status":"closed","template":"","meta":[],"product_brand":[],"product_cat":[337],"product_tag":[],"class_list":{"0":"post-10979","1":"product","2":"type-product","3":"status-publish","4":"has-post-thumbnail","6":"product_cat-panasonic","7":"pa_mehsul-tipi-home-phones","9":"first","10":"instock","11":"sold-individually","12":"shipping-taxable","13":"purchasable","14":"product-type-simple"},"_links":{"self":[{"href":"https:\/\/engitech.az\/en\/wp-json\/wp\/v2\/product\/10979","targetHints":{"allow":["GET"]}}],"collection":[{"href":"https:\/\/engitech.az\/en\/wp-json\/wp\/v2\/product"}],"about":[{"href":"https:\/\/engitech.az\/en\/wp-json\/wp\/v2\/types\/product"}],"replies":[{"embeddable":true,"href":"https:\/\/engitech.az\/en\/wp-json\/wp\/v2\/comments?post=10979"}],"wp:featuredmedia":[{"embeddable":true,"href":"https:\/\/engitech.az\/en\/wp-json\/wp\/v2\/media\/10980"}],"wp:attachment":[{"href":"https:\/\/engitech.az\/en\/wp-json\/wp\/v2\/media?parent=10979"}],"wp:term":[{"taxonomy":"product_brand","embeddable":true,"href":"https:\/\/engitech.az\/en\/wp-json\/wp\/v2\/product_brand?post=10979"},{"taxonomy":"product_cat","embeddable":true,"href":"https:\/\/engitech.az\/en\/wp-json\/wp\/v2\/product_cat?post=10979"},{"taxonomy":"product_tag","embeddable":true,"href":"https:\/\/engitech.az\/en\/wp-json\/wp\/v2\/product_tag?post=10979"}],"curies":[{"name":"wp","href":"https:\/\/api.w.org\/{rel}","templated":true}]}}