{"id":10986,"date":"2026-02-13T06:25:07","date_gmt":"2026-02-13T06:25:07","guid":{"rendered":"https:\/\/engitech.az\/?post_type=product&#038;p=10986"},"modified":"2026-02-13T06:25:07","modified_gmt":"2026-02-13T06:25:07","slug":"kx-tgf320e","status":"publish","type":"product","link":"https:\/\/engitech.az\/en\/product\/kx-tgf320e\/","title":{"rendered":"KX-TGF320E"},"content":{"rendered":"<p>\u2022 <strong data-start=\"2\" data-end=\"12\">Model:<\/strong> KX-TGF320E<br data-start=\"23\" data-end=\"26\" \/>\u2022 <strong data-start=\"28\" data-end=\"36\">Type:<\/strong> Simsiz DECT telefon<br data-start=\"56\" data-end=\"59\" \/>\u2022 <strong data-start=\"61\" data-end=\"76\">Feature:<\/strong> Cavabverici, s\u0259s bloklama<br data-start=\"102\" data-end=\"105\" \/>\u2022 <strong data-start=\"107\" data-end=\"120\">Usage:<\/strong> Ev v\u0259 ofis \u00fc\u00e7\u00fcn<\/p>","protected":false},"excerpt":{"rendered":"<p>\u2022 Model: KX-TGF320E\u2022 Tip: Simsiz DECT telefon\u2022 X\u00fcsusiyy\u0259t: Cavabverici, s\u0259s  [&#8230;]<\/p>","protected":false},"featured_media":10987,"comment_status":"open","ping_status":"closed","template":"","meta":[],"product_brand":[],"product_cat":[337],"product_tag":[],"class_list":{"0":"post-10986","1":"product","2":"type-product","3":"status-publish","4":"has-post-thumbnail","6":"product_cat-panasonic","7":"pa_mehsul-tipi-home-phones","9":"first","10":"instock","11":"sold-individually","12":"shipping-taxable","13":"purchasable","14":"product-type-simple"},"_links":{"self":[{"href":"https:\/\/engitech.az\/en\/wp-json\/wp\/v2\/product\/10986","targetHints":{"allow":["GET"]}}],"collection":[{"href":"https:\/\/engitech.az\/en\/wp-json\/wp\/v2\/product"}],"about":[{"href":"https:\/\/engitech.az\/en\/wp-json\/wp\/v2\/types\/product"}],"replies":[{"embeddable":true,"href":"https:\/\/engitech.az\/en\/wp-json\/wp\/v2\/comments?post=10986"}],"wp:featuredmedia":[{"embeddable":true,"href":"https:\/\/engitech.az\/en\/wp-json\/wp\/v2\/media\/10987"}],"wp:attachment":[{"href":"https:\/\/engitech.az\/en\/wp-json\/wp\/v2\/media?parent=10986"}],"wp:term":[{"taxonomy":"product_brand","embeddable":true,"href":"https:\/\/engitech.az\/en\/wp-json\/wp\/v2\/product_brand?post=10986"},{"taxonomy":"product_cat","embeddable":true,"href":"https:\/\/engitech.az\/en\/wp-json\/wp\/v2\/product_cat?post=10986"},{"taxonomy":"product_tag","embeddable":true,"href":"https:\/\/engitech.az\/en\/wp-json\/wp\/v2\/product_tag?post=10986"}],"curies":[{"name":"wp","href":"https:\/\/api.w.org\/{rel}","templated":true}]}}