{"id":10988,"date":"2026-02-13T06:44:04","date_gmt":"2026-02-13T06:44:04","guid":{"rendered":"https:\/\/engitech.az\/?post_type=product&#038;p=10988"},"modified":"2026-02-13T06:45:34","modified_gmt":"2026-02-13T06:45:34","slug":"ring-smart-smoke-alarm-hardwired-with-aa-battery-backup-rgsar-rw","status":"publish","type":"product","link":"https:\/\/engitech.az\/en\/product\/ring-smart-smoke-alarm-hardwired-with-aa-battery-backup-rgsar-rw\/","title":{"rendered":"Ring Smart Smoke Alarm, Hardwired with AA Battery Backup RGSAR-RW"},"content":{"rendered":"<p>\u2022 <strong data-start=\"49\" data-end=\"59\">Wi-Fi:<\/strong> 2.4 GHz (Ring t\u0259tbiqi)<br data-start=\"82\" data-end=\"85\" \/>\u2022 <strong data-start=\"87\" data-end=\"100\">Ethernet:<\/strong> None<br data-start=\"107\" data-end=\"110\" data-is-only-node=\"\" \/>\u2022 <strong data-start=\"112\" data-end=\"120\">Power:<\/strong> 120 V AC + 2\u00d7AA batareya<br data-start=\"145\" data-end=\"148\" \/>\u2022 <strong data-start=\"150\" data-end=\"161\">Assembly:<\/strong> Ceiling or wall<br data-start=\"179\" data-end=\"182\" \/>\u2022 <strong data-start=\"184\" data-end=\"202\">Security:<\/strong> WPA2<br data-start=\"207\" data-end=\"210\" \/>\u2022 <strong data-start=\"212\" data-end=\"226\">Dual-Band:<\/strong> No<br data-start=\"231\" data-end=\"234\" \/>\u2022 <strong data-start=\"236\" data-end=\"247\">Sensor:<\/strong> Fotoelektrik duman<br data-start=\"266\" data-end=\"269\" \/>\u2022 <strong data-start=\"271\" data-end=\"282\">Signal:<\/strong> 85 dB s\u0259sli x\u0259b\u0259rdarl\u0131q<br data-start=\"306\" data-end=\"309\" \/>\u2022 <strong data-start=\"311\" data-end=\"321\">Additional:<\/strong> Mobil bildiri\u015fl\u0259r, z\u0259if batareya x\u0259b\u0259rdarl\u0131\u011f\u0131, Kidde interkonnekt, Ring inteqrasiyas\u0131<\/p>","protected":false},"excerpt":{"rendered":"<p>\u2022 Wi-Fi: 2.4 GHz (Ring t\u0259tbiqi)\u2022 Ethernet: Yoxdur\u2022 G\u00fcc: 120  [&#8230;]<\/p>","protected":false},"featured_media":10998,"comment_status":"open","ping_status":"closed","template":"","meta":[],"product_brand":[],"product_cat":[336],"product_tag":[],"class_list":{"0":"post-10988","1":"product","2":"type-product","3":"status-publish","4":"has-post-thumbnail","6":"product_cat-kidde","7":"pa_mehsul-tipi-smoke-alarms","9":"first","10":"instock","11":"sold-individually","12":"shipping-taxable","13":"purchasable","14":"product-type-simple"},"_links":{"self":[{"href":"https:\/\/engitech.az\/en\/wp-json\/wp\/v2\/product\/10988","targetHints":{"allow":["GET"]}}],"collection":[{"href":"https:\/\/engitech.az\/en\/wp-json\/wp\/v2\/product"}],"about":[{"href":"https:\/\/engitech.az\/en\/wp-json\/wp\/v2\/types\/product"}],"replies":[{"embeddable":true,"href":"https:\/\/engitech.az\/en\/wp-json\/wp\/v2\/comments?post=10988"}],"wp:featuredmedia":[{"embeddable":true,"href":"https:\/\/engitech.az\/en\/wp-json\/wp\/v2\/media\/10998"}],"wp:attachment":[{"href":"https:\/\/engitech.az\/en\/wp-json\/wp\/v2\/media?parent=10988"}],"wp:term":[{"taxonomy":"product_brand","embeddable":true,"href":"https:\/\/engitech.az\/en\/wp-json\/wp\/v2\/product_brand?post=10988"},{"taxonomy":"product_cat","embeddable":true,"href":"https:\/\/engitech.az\/en\/wp-json\/wp\/v2\/product_cat?post=10988"},{"taxonomy":"product_tag","embeddable":true,"href":"https:\/\/engitech.az\/en\/wp-json\/wp\/v2\/product_tag?post=10988"}],"curies":[{"name":"wp","href":"https:\/\/api.w.org\/{rel}","templated":true}]}}