{"id":11000,"date":"2026-02-13T07:02:57","date_gmt":"2026-02-13T07:02:57","guid":{"rendered":"https:\/\/engitech.az\/?post_type=product&#038;p=11000"},"modified":"2026-02-13T07:02:58","modified_gmt":"2026-02-13T07:02:58","slug":"smart-smart-smoke-alarm-hardwired-with-aa-backup-battery-20sar-w","status":"publish","type":"product","link":"https:\/\/engitech.az\/en\/product\/smart-smart-smoke-alarm-hardwired-with-aa-backup-battery-20sar-w\/","title":{"rendered":"Smart Smart Smoke Alarm, Hardwired with AA Backup Battery 20SAR-W"},"content":{"rendered":"<p>\u2022 <strong data-start=\"79\" data-end=\"89\">Smart:<\/strong> Yes<br data-start=\"94\" data-end=\"97\" \/>\u2022 <strong data-start=\"99\" data-end=\"109\">Wi-Fi:<\/strong> 2.4 GHz<br data-start=\"117\" data-end=\"120\" data-is-only-node=\"\" \/>\u2022 <strong data-start=\"122\" data-end=\"135\">Ethernet:<\/strong> None<br data-start=\"142\" data-end=\"145\" \/>\u2022 <strong data-start=\"147\" data-end=\"155\">Power:<\/strong> 120 V AC + AA ehtiyat batareya<br data-start=\"186\" data-end=\"189\" \/>\u2022 <strong data-start=\"191\" data-end=\"202\">Assembly:<\/strong> Ceiling or wall<br data-start=\"220\" data-end=\"223\" \/>\u2022 <strong data-start=\"225\" data-end=\"236\">Sensor:<\/strong> Fotoelektrik duman<br data-start=\"255\" data-end=\"258\" \/>\u2022 <strong data-start=\"260\" data-end=\"271\">Signal:<\/strong> 85 dB<br data-start=\"277\" data-end=\"280\" \/>\u2022 <strong data-start=\"282\" data-end=\"292\">Additional:<\/strong> Mobil bildiri\u015fl\u0259r, z\u0259if batareya x\u0259b\u0259rdarl\u0131\u011f\u0131, dig\u0259r <span class=\"hover:entity-accent entity-underline inline cursor-pointer align-baseline\"><span class=\"whitespace-normal\">Kidde<\/span><\/span> alarmlarla interkonnekt<\/p>","protected":false},"excerpt":{"rendered":"<p>\u2022 Smart: B\u0259li\u2022 Wi-Fi: 2.4 GHz\u2022 Ethernet: Yoxdur\u2022 G\u00fcc: 120  [&#8230;]<\/p>","protected":false},"featured_media":11001,"comment_status":"open","ping_status":"closed","template":"","meta":[],"product_brand":[],"product_cat":[336],"product_tag":[],"class_list":{"0":"post-11000","1":"product","2":"type-product","3":"status-publish","4":"has-post-thumbnail","6":"product_cat-kidde","7":"pa_mehsul-tipi-smoke-alarms","9":"first","10":"instock","11":"sold-individually","12":"shipping-taxable","13":"purchasable","14":"product-type-simple"},"_links":{"self":[{"href":"https:\/\/engitech.az\/en\/wp-json\/wp\/v2\/product\/11000","targetHints":{"allow":["GET"]}}],"collection":[{"href":"https:\/\/engitech.az\/en\/wp-json\/wp\/v2\/product"}],"about":[{"href":"https:\/\/engitech.az\/en\/wp-json\/wp\/v2\/types\/product"}],"replies":[{"embeddable":true,"href":"https:\/\/engitech.az\/en\/wp-json\/wp\/v2\/comments?post=11000"}],"wp:featuredmedia":[{"embeddable":true,"href":"https:\/\/engitech.az\/en\/wp-json\/wp\/v2\/media\/11001"}],"wp:attachment":[{"href":"https:\/\/engitech.az\/en\/wp-json\/wp\/v2\/media?parent=11000"}],"wp:term":[{"taxonomy":"product_brand","embeddable":true,"href":"https:\/\/engitech.az\/en\/wp-json\/wp\/v2\/product_brand?post=11000"},{"taxonomy":"product_cat","embeddable":true,"href":"https:\/\/engitech.az\/en\/wp-json\/wp\/v2\/product_cat?post=11000"},{"taxonomy":"product_tag","embeddable":true,"href":"https:\/\/engitech.az\/en\/wp-json\/wp\/v2\/product_tag?post=11000"}],"curies":[{"name":"wp","href":"https:\/\/api.w.org\/{rel}","templated":true}]}}