{"id":11002,"date":"2026-02-13T07:06:43","date_gmt":"2026-02-13T07:06:43","guid":{"rendered":"https:\/\/engitech.az\/?post_type=product&#038;p=11002"},"modified":"2026-02-13T07:06:43","modified_gmt":"2026-02-13T07:06:43","slug":"detect-smoke-alarm-aa-battery-powered-20sdr","status":"publish","type":"product","link":"https:\/\/engitech.az\/en\/product\/detect-smoke-alarm-aa-battery-powered-20sdr\/","title":{"rendered":"DETECT Smoke Alarm, AA Battery Powered 20SDR"},"content":{"rendered":"<p>\u2022 <strong data-start=\"66\" data-end=\"74\">Type:<\/strong> Smoke Alarm (detektor)<br data-start=\"97\" data-end=\"100\" \/>\u2022 <strong data-start=\"102\" data-end=\"112\">Smart:<\/strong> No<br data-start=\"117\" data-end=\"120\" data-is-only-node=\"\" \/>\u2022 <strong data-start=\"122\" data-end=\"132\">Wi-Fi:<\/strong> None<br data-start=\"139\" data-end=\"142\" \/>\u2022 <strong data-start=\"144\" data-end=\"152\">Power:<\/strong> AA batareya il\u0259 i\u015fl\u0259yir<br data-start=\"176\" data-end=\"179\" \/>\u2022 <strong data-start=\"181\" data-end=\"192\">Assembly:<\/strong> Ceiling or wall<br data-start=\"210\" data-end=\"213\" \/>\u2022 <strong data-start=\"215\" data-end=\"226\">Sensor:<\/strong> Fotoelektrik duman<br data-start=\"245\" data-end=\"248\" \/>\u2022 <strong data-start=\"250\" data-end=\"261\">Signal:<\/strong> 85 dB<br data-start=\"267\" data-end=\"270\" \/>\u2022 <strong data-start=\"272\" data-end=\"282\">Additional:<\/strong> Batareya z\u0259ifliyi x\u0259b\u0259rdarl\u0131\u011f\u0131, test\/reset d\u00fcym\u0259si<\/p>","protected":false},"excerpt":{"rendered":"<p>\u2022 N\u00f6v: Smoke Alarm (detektor)\u2022 Smart: Xeyr\u2022 Wi-Fi: Yoxdur\u2022 G\u00fcc:  [&#8230;]<\/p>","protected":false},"featured_media":11008,"comment_status":"open","ping_status":"closed","template":"","meta":[],"product_brand":[],"product_cat":[336],"product_tag":[],"class_list":{"0":"post-11002","1":"product","2":"type-product","3":"status-publish","4":"has-post-thumbnail","6":"product_cat-kidde","7":"pa_mehsul-tipi-smoke-alarms","9":"first","10":"instock","11":"sold-individually","12":"shipping-taxable","13":"purchasable","14":"product-type-simple"},"_links":{"self":[{"href":"https:\/\/engitech.az\/en\/wp-json\/wp\/v2\/product\/11002","targetHints":{"allow":["GET"]}}],"collection":[{"href":"https:\/\/engitech.az\/en\/wp-json\/wp\/v2\/product"}],"about":[{"href":"https:\/\/engitech.az\/en\/wp-json\/wp\/v2\/types\/product"}],"replies":[{"embeddable":true,"href":"https:\/\/engitech.az\/en\/wp-json\/wp\/v2\/comments?post=11002"}],"wp:featuredmedia":[{"embeddable":true,"href":"https:\/\/engitech.az\/en\/wp-json\/wp\/v2\/media\/11008"}],"wp:attachment":[{"href":"https:\/\/engitech.az\/en\/wp-json\/wp\/v2\/media?parent=11002"}],"wp:term":[{"taxonomy":"product_brand","embeddable":true,"href":"https:\/\/engitech.az\/en\/wp-json\/wp\/v2\/product_brand?post=11002"},{"taxonomy":"product_cat","embeddable":true,"href":"https:\/\/engitech.az\/en\/wp-json\/wp\/v2\/product_cat?post=11002"},{"taxonomy":"product_tag","embeddable":true,"href":"https:\/\/engitech.az\/en\/wp-json\/wp\/v2\/product_tag?post=11002"}],"curies":[{"name":"wp","href":"https:\/\/api.w.org\/{rel}","templated":true}]}}