{"id":11011,"date":"2026-02-13T07:15:22","date_gmt":"2026-02-13T07:15:22","guid":{"rendered":"https:\/\/engitech.az\/?post_type=product&#038;p=11011"},"modified":"2026-02-13T07:15:22","modified_gmt":"2026-02-13T07:15:22","slug":"smart-smoke-alarm-with-smart-features-p4010acs-wf","status":"publish","type":"product","link":"https:\/\/engitech.az\/en\/product\/smart-smoke-alarm-with-smart-features-p4010acs-wf\/","title":{"rendered":"Smart Smoke Alarm with Smart Features P4010ACS-WF"},"content":{"rendered":"<p>\u2022 <strong data-start=\"72\" data-end=\"82\">Smart:<\/strong> Yes<br data-start=\"87\" data-end=\"90\" \/>\u2022 <strong data-start=\"92\" data-end=\"102\" data-is-only-node=\"\">Wi-Fi:<\/strong> 2.4 GHz<br data-start=\"110\" data-end=\"113\" \/>\u2022 <strong data-start=\"115\" data-end=\"128\">Ethernet:<\/strong> None<br data-start=\"135\" data-end=\"138\" \/>\u2022 <strong data-start=\"140\" data-end=\"148\">Power:<\/strong> 120 V AC + ehtiyat batareya<br data-start=\"176\" data-end=\"179\" \/>\u2022 <strong data-start=\"181\" data-end=\"192\">Assembly:<\/strong> Ceiling or wall<br data-start=\"210\" data-end=\"213\" \/>\u2022 <strong data-start=\"215\" data-end=\"226\">Sensor:<\/strong> Fotoelektrik duman<br data-start=\"245\" data-end=\"248\" \/>\u2022 <strong data-start=\"250\" data-end=\"261\">Signal:<\/strong> 85 dB<br data-start=\"267\" data-end=\"270\" \/>\u2022 <strong data-start=\"272\" data-end=\"282\">Additional:<\/strong> Mobil bildiri\u015fl\u0259r, s\u0259sli x\u0259b\u0259rdarl\u0131qlar, z\u0259if batareya x\u0259b\u0259rdarl\u0131\u011f\u0131, dig\u0259r <strong data-start=\"358\" data-end=\"399\"><span class=\"hover:entity-accent entity-underline inline cursor-pointer align-baseline\"><span class=\"whitespace-normal\">Kidde<\/span><\/span><\/strong> smart alarmlarla interkonnekt<\/p>","protected":false},"excerpt":{"rendered":"<p>\u2022 Smart: B\u0259li\u2022 Wi-Fi: 2.4 GHz\u2022 Ethernet: Yoxdur\u2022 G\u00fcc: 120  [&#8230;]<\/p>","protected":false},"featured_media":11012,"comment_status":"open","ping_status":"closed","template":"","meta":[],"product_brand":[],"product_cat":[336],"product_tag":[],"class_list":{"0":"post-11011","1":"product","2":"type-product","3":"status-publish","4":"has-post-thumbnail","6":"product_cat-kidde","7":"pa_mehsul-tipi-smoke-alarms","9":"first","10":"instock","11":"sold-individually","12":"shipping-taxable","13":"purchasable","14":"product-type-simple"},"_links":{"self":[{"href":"https:\/\/engitech.az\/en\/wp-json\/wp\/v2\/product\/11011","targetHints":{"allow":["GET"]}}],"collection":[{"href":"https:\/\/engitech.az\/en\/wp-json\/wp\/v2\/product"}],"about":[{"href":"https:\/\/engitech.az\/en\/wp-json\/wp\/v2\/types\/product"}],"replies":[{"embeddable":true,"href":"https:\/\/engitech.az\/en\/wp-json\/wp\/v2\/comments?post=11011"}],"wp:featuredmedia":[{"embeddable":true,"href":"https:\/\/engitech.az\/en\/wp-json\/wp\/v2\/media\/11012"}],"wp:attachment":[{"href":"https:\/\/engitech.az\/en\/wp-json\/wp\/v2\/media?parent=11011"}],"wp:term":[{"taxonomy":"product_brand","embeddable":true,"href":"https:\/\/engitech.az\/en\/wp-json\/wp\/v2\/product_brand?post=11011"},{"taxonomy":"product_cat","embeddable":true,"href":"https:\/\/engitech.az\/en\/wp-json\/wp\/v2\/product_cat?post=11011"},{"taxonomy":"product_tag","embeddable":true,"href":"https:\/\/engitech.az\/en\/wp-json\/wp\/v2\/product_tag?post=11011"}],"curies":[{"name":"wp","href":"https:\/\/api.w.org\/{rel}","templated":true}]}}