{"id":11013,"date":"2026-02-13T07:22:38","date_gmt":"2026-02-13T07:22:38","guid":{"rendered":"https:\/\/engitech.az\/?post_type=product&#038;p=11013"},"modified":"2026-02-13T07:22:38","modified_gmt":"2026-02-13T07:22:38","slug":"firex-hardwired-smoke-alarm-i4618ac","status":"publish","type":"product","link":"https:\/\/engitech.az\/en\/product\/firex-hardwired-smoke-alarm-i4618ac\/","title":{"rendered":"Firex Hardwired Smoke Alarm i4618AC"},"content":{"rendered":"<p>\u2022 <strong data-start=\"96\" data-end=\"104\">Type:<\/strong> Smoke Alarm<br data-start=\"116\" data-end=\"119\" \/>\u2022 <strong data-start=\"121\" data-end=\"131\" data-is-only-node=\"\">Smart:<\/strong> No<br data-start=\"136\" data-end=\"139\" \/>\u2022 <strong data-start=\"141\" data-end=\"151\">Wi-Fi:<\/strong> None<br data-start=\"158\" data-end=\"161\" \/>\u2022 <strong data-start=\"163\" data-end=\"171\">Power:<\/strong> 120 V AC + ehtiyat batareya<br data-start=\"199\" data-end=\"202\" \/>\u2022 <strong data-start=\"204\" data-end=\"215\">Assembly:<\/strong> Ceiling or wall<br data-start=\"233\" data-end=\"236\" \/>\u2022 <strong data-start=\"238\" data-end=\"249\">Sensor:<\/strong> \u0130onizasiya tipli duman<br data-start=\"272\" data-end=\"275\" \/>\u2022 <strong data-start=\"277\" data-end=\"288\">Signal:<\/strong> 85 dB<br data-start=\"294\" data-end=\"297\" \/>\u2022 <strong data-start=\"299\" data-end=\"309\">Additional:<\/strong> Batareya z\u0259ifliyi x\u0259b\u0259rdarl\u0131\u011f\u0131, test\/reset d\u00fcym\u0259si, dig\u0259r <strong data-start=\"368\" data-end=\"409\"><span class=\"hover:entity-accent entity-underline inline cursor-pointer align-baseline\"><span class=\"whitespace-normal\">Kidde<\/span><\/span><\/strong> \/ Firex alarmlarla interkonnekt<\/p>","protected":false},"excerpt":{"rendered":"<p>\u2022 N\u00f6v: Smoke Alarm\u2022 Smart: Xeyr\u2022 Wi-Fi: Yoxdur\u2022 G\u00fcc: 120  [&#8230;]<\/p>","protected":false},"featured_media":11014,"comment_status":"open","ping_status":"closed","template":"","meta":[],"product_brand":[],"product_cat":[336],"product_tag":[],"class_list":{"0":"post-11013","1":"product","2":"type-product","3":"status-publish","4":"has-post-thumbnail","6":"product_cat-kidde","7":"pa_mehsul-tipi-smoke-alarms","9":"first","10":"instock","11":"sold-individually","12":"shipping-taxable","13":"purchasable","14":"product-type-simple"},"_links":{"self":[{"href":"https:\/\/engitech.az\/en\/wp-json\/wp\/v2\/product\/11013","targetHints":{"allow":["GET"]}}],"collection":[{"href":"https:\/\/engitech.az\/en\/wp-json\/wp\/v2\/product"}],"about":[{"href":"https:\/\/engitech.az\/en\/wp-json\/wp\/v2\/types\/product"}],"replies":[{"embeddable":true,"href":"https:\/\/engitech.az\/en\/wp-json\/wp\/v2\/comments?post=11013"}],"wp:featuredmedia":[{"embeddable":true,"href":"https:\/\/engitech.az\/en\/wp-json\/wp\/v2\/media\/11014"}],"wp:attachment":[{"href":"https:\/\/engitech.az\/en\/wp-json\/wp\/v2\/media?parent=11013"}],"wp:term":[{"taxonomy":"product_brand","embeddable":true,"href":"https:\/\/engitech.az\/en\/wp-json\/wp\/v2\/product_brand?post=11013"},{"taxonomy":"product_cat","embeddable":true,"href":"https:\/\/engitech.az\/en\/wp-json\/wp\/v2\/product_cat?post=11013"},{"taxonomy":"product_tag","embeddable":true,"href":"https:\/\/engitech.az\/en\/wp-json\/wp\/v2\/product_tag?post=11013"}],"curies":[{"name":"wp","href":"https:\/\/api.w.org\/{rel}","templated":true}]}}