{"id":11017,"date":"2026-02-13T07:27:23","date_gmt":"2026-02-13T07:27:23","guid":{"rendered":"https:\/\/engitech.az\/?post_type=product&#038;p=11017"},"modified":"2026-02-13T07:27:23","modified_gmt":"2026-02-13T07:27:23","slug":"worry-free-worry-free-hallway-sealed-lithium-battery-power-smoke-alarm-p3010h","status":"publish","type":"product","link":"https:\/\/engitech.az\/en\/product\/worry-free-worry-free-hallway-sealed-lithium-battery-power-smoke-alarm-p3010h\/","title":{"rendered":"Worry-Free Worry-Free Hallway Sealed Lithium Battery Power Smoke Alarm P3010H"},"content":{"rendered":"<p>\u2022 <strong data-start=\"90\" data-end=\"98\">Type:<\/strong> Smoke Alarm<br data-start=\"110\" data-end=\"113\" \/>\u2022 <strong data-start=\"115\" data-end=\"125\" data-is-only-node=\"\">Smart:<\/strong> No<br data-start=\"130\" data-end=\"133\" \/>\u2022 <strong data-start=\"135\" data-end=\"145\">Wi-Fi:<\/strong> None<br data-start=\"152\" data-end=\"155\" \/>\u2022 <strong data-start=\"157\" data-end=\"165\">Power:<\/strong> Sealed Lithium batareya (10 il)<br data-start=\"197\" data-end=\"200\" \/>\u2022 <strong data-start=\"202\" data-end=\"213\">Assembly:<\/strong> Tavan v\u0259 ya divar (x\u00fcsusil\u0259 koridor \u00fc\u00e7\u00fcn uy\u011fun)<br data-start=\"261\" data-end=\"264\" \/>\u2022 <strong data-start=\"266\" data-end=\"277\">Sensor:<\/strong> Fotoelektrik duman<br data-start=\"296\" data-end=\"299\" \/>\u2022 <strong data-start=\"301\" data-end=\"312\">Signal:<\/strong> 85 dB<br data-start=\"318\" data-end=\"321\" \/>\u2022 <strong data-start=\"323\" data-end=\"333\">Additional:<\/strong> Batareya d\u0259yi\u015fimi t\u0259l\u0259b etmir, z\u0259if batareya x\u0259b\u0259rdarl\u0131\u011f\u0131, test\/reset d\u00fcym\u0259si, <strong data-start=\"413\" data-end=\"454\"><span class=\"hover:entity-accent entity-underline inline cursor-pointer align-baseline\"><span class=\"whitespace-normal\">Kidde<\/span><\/span><\/strong> Worry-Free seriyas\u0131<\/p>","protected":false},"excerpt":{"rendered":"<p>\u2022 N\u00f6v: Smoke Alarm\u2022 Smart: Xeyr\u2022 Wi-Fi: Yoxdur\u2022 G\u00fcc: Sealed  [&#8230;]<\/p>","protected":false},"featured_media":11018,"comment_status":"open","ping_status":"closed","template":"","meta":[],"product_brand":[],"product_cat":[336],"product_tag":[],"class_list":{"0":"post-11017","1":"product","2":"type-product","3":"status-publish","4":"has-post-thumbnail","6":"product_cat-kidde","7":"pa_mehsul-tipi-smoke-alarms","9":"first","10":"instock","11":"sold-individually","12":"shipping-taxable","13":"purchasable","14":"product-type-simple"},"_links":{"self":[{"href":"https:\/\/engitech.az\/en\/wp-json\/wp\/v2\/product\/11017","targetHints":{"allow":["GET"]}}],"collection":[{"href":"https:\/\/engitech.az\/en\/wp-json\/wp\/v2\/product"}],"about":[{"href":"https:\/\/engitech.az\/en\/wp-json\/wp\/v2\/types\/product"}],"replies":[{"embeddable":true,"href":"https:\/\/engitech.az\/en\/wp-json\/wp\/v2\/comments?post=11017"}],"wp:featuredmedia":[{"embeddable":true,"href":"https:\/\/engitech.az\/en\/wp-json\/wp\/v2\/media\/11018"}],"wp:attachment":[{"href":"https:\/\/engitech.az\/en\/wp-json\/wp\/v2\/media?parent=11017"}],"wp:term":[{"taxonomy":"product_brand","embeddable":true,"href":"https:\/\/engitech.az\/en\/wp-json\/wp\/v2\/product_brand?post=11017"},{"taxonomy":"product_cat","embeddable":true,"href":"https:\/\/engitech.az\/en\/wp-json\/wp\/v2\/product_cat?post=11017"},{"taxonomy":"product_tag","embeddable":true,"href":"https:\/\/engitech.az\/en\/wp-json\/wp\/v2\/product_tag?post=11017"}],"curies":[{"name":"wp","href":"https:\/\/api.w.org\/{rel}","templated":true}]}}